{"id":1021,"date":"2015-03-06T12:20:00","date_gmt":"2015-03-06T10:20:00","guid":{"rendered":"http:\/\/psychotherapie-rheingau.com\/?page_id=1021"},"modified":"2025-04-24T12:37:58","modified_gmt":"2025-04-24T10:37:58","slug":"transsexualitaet","status":"publish","type":"page","link":"http:\/\/psychotherapie-rheingau.com\/?page_id=1021","title":{"rendered":"TRANSSEXUALIT\u00c4T"},"content":{"rendered":"<h1 style=\"text-align: center;\"><strong>T R A N S S E X U A L I T \u00c4 T<\/strong><\/h1>\n<p><a href=\"http:\/\/psychotherapie-rheingau.com\/wp-content\/uploads\/2015\/03\/Verborgen-vorn-he-xxx-.jpg\"><img decoding=\"async\" loading=\"lazy\" class=\"aligncenter wp-image-1029 size-medium\" src=\"http:\/\/psychotherapie-rheingau.com\/wp-content\/uploads\/2015\/03\/Verborgen-vorn-he-xxx--300x276.jpg\" alt=\"Verborgen-vorn-he xxx\" width=\"300\" height=\"276\" srcset=\"http:\/\/psychotherapie-rheingau.com\/wp-content\/uploads\/2015\/03\/Verborgen-vorn-he-xxx--300x276.jpg 300w, http:\/\/psychotherapie-rheingau.com\/wp-content\/uploads\/2015\/03\/Verborgen-vorn-he-xxx--1024x943.jpg 1024w, http:\/\/psychotherapie-rheingau.com\/wp-content\/uploads\/2015\/03\/Verborgen-vorn-he-xxx--624x575.jpg 624w, http:\/\/psychotherapie-rheingau.com\/wp-content\/uploads\/2015\/03\/Verborgen-vorn-he-xxx-.jpg 1980w\" sizes=\"(max-width: 300px) 100vw, 300px\" \/><\/a><\/p>\n<h1 style=\"text-align: center;\">&nbsp;Wer bin ich?<br \/>\nWie f\u00fchle ich mich?<br \/>\nWas f\u00fchle ich?<br \/>\nWer m\u00f6chte ich sein?<br \/>\nWarum ist mein K\u00f6rper anders als das, wie ich es f\u00fchle?<br \/>\nFragen \u00fcber Fragen&#8230;<br \/>\nGerne helfe ich bei der Findung von Antworten&#8230;<\/h1>\n<p>&nbsp;<\/p>\n<h1 style=\"text-align: center;\"><\/h1>\n<h1 style=\"text-align: left;\"><span style=\"color: #000000;\">Fakten deklariert: Geschlechtsidentit\u00e4tsst\u00f6rungen<\/span><\/h1>\n<h1>Transsexualit\u00e4t: M\u00e4dchen oder Junge? Mann oder Frau?<\/h1>\n<h2>Im falschen K\u00f6rper geboren \u2013 Transsexuelle empfinden dies oft schon fr\u00fch. Wer sich f\u00fcr eine Anpassung entscheidet, begibt sich auf einen langen Weg.<\/h2>\n<h1>Trans ist keine Krankheit sondern ein Menschenrecht!<\/h1>\n<p>Manche Menschen sp\u00fcren bereits sehr fr\u00fch, \u201eanders zu sein\u201c, und w\u00fcrden lieber dem anderen Geschlecht angeh\u00f6ren. Im Alltag wird dies oft \u00fcberh\u00f6rt oder leichtfertig als <b>geschlechtliche Identit\u00e4tskrise<\/b> abgetan. Doch dahinter kann sich der tiefe Wunsch verbergen, dem anderen Geschlecht tats\u00e4chlich zugeh\u00f6rig zu sein und so akzeptiert zu werden.<\/p>\n<p><i>In der derzeit (noch) gu\u0308ltigen Klassifikationsliste psychischer Erkrankungen ist unter dem Oberbegriff \u201eSt\u00f6rungen der Geschlechtsidentit\u00e4t\u201c die Diagnose \u201eSt\u00f6rung der Geschlechtsidentit\u00e4t des Kindesalters\u201c (F64.2), abgeku\u0308rzt GIS aufgelistet. Dort hei\u00dft es: \u201eDiese St\u00f6rung zeigt sich w\u00e4hrend der fru\u0308hen Kindheit, immer lange vor der Pubert\u00e4t. Sie ist durch ein anhaltendes und starkes Unbehagen u\u0308ber das zugefallene Geschlecht gekennzeichnet, zusammen mit dem Wunsch oder der st\u00e4ndigen Beteuerung, zum anderen Geschlecht zu geh\u00f6ren. Es besteht eine andauernde Besch\u00e4ftigung mit der Kleidung oder den Aktivit\u00e4ten des anderen Geschlechtes und eine Ablehnung des eigenen Geschlechtes. Die Diagnose erfordert eine tief greifende St\u00f6rung der normalen Geschlechtsidentit\u00e4t\u2026\u201c<\/i><\/p>\n<p>Wenn Sie Gedanken und Empfindungen qu\u00e4len, Sie nicht wissen wohin mit sich selbst, Junge oder M\u00e4dchen &#8211; Mann oder Frau, stehe ich Ihnen gerne f\u00fcr beratende und wegweisende Gespr\u00e4che zur Seite.<\/p>\n<p>&nbsp;<\/p>\n","protected":false},"excerpt":{"rendered":"<p>T R A N S S E X U A L I T \u00c4 T &nbsp;Wer bin ich? Wie f\u00fchle ich mich? Was f\u00fchle ich? Wer m\u00f6chte ich sein? Warum ist mein K\u00f6rper anders als das, wie ich es f\u00fchle? Fragen \u00fcber Fragen&#8230; Gerne helfe ich bei der Findung von Antworten&#8230; &nbsp; Fakten deklariert: Geschlechtsidentit\u00e4tsst\u00f6rungen [&hellip;]<\/p>\n","protected":false},"author":2,"featured_media":0,"parent":0,"menu_order":0,"comment_status":"open","ping_status":"open","template":"","meta":{"_bbp_topic_count":0,"_bbp_reply_count":0,"_bbp_total_topic_count":0,"_bbp_total_reply_count":0,"_bbp_voice_count":0,"_bbp_anonymous_reply_count":0,"_bbp_topic_count_hidden":0,"_bbp_reply_count_hidden":0,"_bbp_forum_subforum_count":0},"_links":{"self":[{"href":"http:\/\/psychotherapie-rheingau.com\/index.php?rest_route=\/wp\/v2\/pages\/1021"}],"collection":[{"href":"http:\/\/psychotherapie-rheingau.com\/index.php?rest_route=\/wp\/v2\/pages"}],"about":[{"href":"http:\/\/psychotherapie-rheingau.com\/index.php?rest_route=\/wp\/v2\/types\/page"}],"author":[{"embeddable":true,"href":"http:\/\/psychotherapie-rheingau.com\/index.php?rest_route=\/wp\/v2\/users\/2"}],"replies":[{"embeddable":true,"href":"http:\/\/psychotherapie-rheingau.com\/index.php?rest_route=%2Fwp%2Fv2%2Fcomments&post=1021"}],"version-history":[{"count":7,"href":"http:\/\/psychotherapie-rheingau.com\/index.php?rest_route=\/wp\/v2\/pages\/1021\/revisions"}],"predecessor-version":[{"id":1637,"href":"http:\/\/psychotherapie-rheingau.com\/index.php?rest_route=\/wp\/v2\/pages\/1021\/revisions\/1637"}],"wp:attachment":[{"href":"http:\/\/psychotherapie-rheingau.com\/index.php?rest_route=%2Fwp%2Fv2%2Fmedia&parent=1021"}],"curies":[{"name":"wp","href":"https:\/\/api.w.org\/{rel}","templated":true}]}}