{"id":108,"date":"2014-03-24T13:49:38","date_gmt":"2014-03-24T11:49:38","guid":{"rendered":"http:\/\/psychotherapie-rheingau.com\/?page_id=108"},"modified":"2017-05-21T10:40:24","modified_gmt":"2017-05-21T08:40:24","slug":"mediation","status":"publish","type":"page","link":"http:\/\/psychotherapie-rheingau.com\/?page_id=108","title":{"rendered":"MEDIATION"},"content":{"rendered":"<h3 style=\"text-align: center;\"><a href=\"http:\/\/psychotherapie-rheingau.com\/wp-content\/uploads\/2014\/03\/mediation.jpg\"><img decoding=\"async\" loading=\"lazy\" class=\"alignnone size-medium wp-image-403\" src=\"http:\/\/psychotherapie-rheingau.com\/wp-content\/uploads\/2014\/03\/mediation-300x300.jpg\" alt=\"mediation\" width=\"300\" height=\"300\" srcset=\"http:\/\/psychotherapie-rheingau.com\/wp-content\/uploads\/2014\/03\/mediation.jpg 300w, http:\/\/psychotherapie-rheingau.com\/wp-content\/uploads\/2014\/03\/mediation-150x150.jpg 150w\" sizes=\"(max-width: 300px) 100vw, 300px\" \/><\/a><\/h3>\n<h3><span style=\"color: #003300;\">Was ist Mediation?<\/span><\/h3>\n<p>Es handelt sich um eine Methode der gewaltfreien Konfliktbearbeitung. Mediation ist konstruktive Konfliktl\u00f6sung mit Hilfe einer neutralen, dritten Person, bei der win-win-L\u00f6sungen angestrebt werden.<\/p>\n<p>Ausgangspunkt ist die Erkenntnis, dass Konfliktpartner f\u00e4hig sind, die f\u00fcr sie akzeptable L\u00f6sung gemeinsam zu finden. Das setzt nat\u00fcrlich voraus, dass die Beteiligten wieder in ein Gespr\u00e4ch kommen, das konstruktiv ist, so dass alle Meinungen und Sichtweisen geh\u00f6rt werden.<\/p>\n<p>Dazu brauchen die meisten Menschen in Konfliktsituationen Unterst\u00fctzung in der Person eines Mediators, einer Mediatorin, man k\u00f6nnte es auch als Dolmetscher bezeichnen, beiden Parteien objektiv zu erkl\u00e4ren, was der andere tats\u00e4chlich meint, da auch hier immer wieder Mi\u00dfverst\u00e4ndnisse auftreten zwischen dem, was man sagt und dem, was verstanden wird.<\/p>\n<p>Ich \u00fcbernehme diese Aufgabe &#8211; ohne dabei Vorschl\u00e4ge zu machen, Verurteilungen auszusprechen oder Partei zu ergreifen.<\/p>\n<p>Bei Mediation geht es um Einsicht &#8211; nicht um Rechthaberei. Es gibt keine Verlierer. Beide Parteien k\u00f6nnen im konstruktiven Gespr\u00e4ch nur gewinnen.<\/p>\n<p>Mediation ist vornehmlich eine verbale Methode. Das bedeutet, dass das Sich-Mitteilen (Fakten und Gef\u00fchle) und das gegenseitige Zuh\u00f6ren eine wichtige Rolle spielen. Ich bin daf\u00fcr verantwortlich, dass dies in richtiger Weise geschieht und tats\u00e4chlich die richtigen Konfliktpunkte herausgearbeitet werden.<\/p>\n<p>Mediation beruht auf dem Prinzip der Freiwilligkeit.<\/p>\n<p>Mediation ist aber auch eine andere Denkweise &#8211; eine uns oft ungewohnte Form des Reagierens. Es geht darum, verschiedene Aspekte zu betrachten, offen, ehrlich und kreativ zu sein.<\/p>\n<p>&nbsp;<\/p>\n<h3>Konflikte: Eine Definition und verschiedene Arten<\/h3>\n<p>Der Definition nach ist ein Konflikt eine Spannungssituation, in der zwei oder mehrere Parteien, die voneinander abh\u00e4ngig sind, mit Nachdruck versuchen, scheinbar oder tats\u00e4chlich unvereinbare Handlungspl\u00e4ne zu verwirklichen und sich dabei ihrer Gegnerschaft bewusst sind.<\/p>\n<p>Die Symptome von Konflikten k\u00f6nnen vielf\u00e4ltig sein. Einmal erleben wir Feindseligkeit und Aggressivit\u00e4t, die sich in verbalen Attacken oder b\u00f6sen Blicken manifestiert. Dann gibt es Kollegen, die einfach abschalten und nur noch Dienst nach Vorschrift schieben \u2013 \u00e4rgerlich, wenn Sie gerade jemanden brauchen, der ihnen weiterhilft.<\/p>\n<ul>\n<li><strong>Beziehungskonflikte<\/strong> kennt jeder. Wo wir auf andere Menschen treffen, k\u00f6nnen Antipathien entstehen, die jedes Zusammensein erschweren, obwohl oft kein rationaler Grund zu erkennen ist. Meist beginnt es ganz unterschwellig, subtile Angriffe werden gestartet und wie kleine Pfeile abgeschossen. Was zun\u00e4chst eine rein sachliche Differenz war, wird nun personifiziert und eskaliert im Laufe der Zeit.<\/li>\n<\/ul>\n<p>&nbsp;<\/p>\n<ul>\n<li><strong>Kommunikationskonflikte:<\/strong> Wir k\u00f6nnen nicht nicht kommunizieren. Selbst die Ignoranz bleibt eine Reaktion auf die Anfrage des Gegen\u00fcbers. Erschwerend wirkt noch, dass wir auf unterschiedlichen Ebenen (Mimik, Gestik) kommunizieren. So mutieren Missverst\u00e4ndnisse schnell zu Kommunikationskonflikten, wenn sie nicht direkt bereinigt werden. Auf der organisatorischen Ebene k\u00f6nnen sich Kommunikationskonflikte entwickeln, wenn zum Beispiel ein Mitarbeiter Widerstand signalisiert, weil seine Gruppe ihn nicht in die Entscheidungsfindung mit einbezogen hat und er den Entschluss nicht mitgestalten konnte.<\/li>\n<\/ul>\n<p>&nbsp;<\/p>\n<ul>\n<li><strong>Rollenkonflikte:<\/strong> Die meisten Personen nehmen in einer Gruppe verschiedene Rollen ein. Es werden Erwartungen ausgesprochen und unausgesprochen an den einzelnen gestellt. Das m\u00fcssen aber nicht unbedingt jene Schubladen sein, in denen man sich selber gerne sieht. Entsprechend k\u00f6nnen die unterschiedlichen Rollen den Einzelnen daran hindern, seine pers\u00f6nlichen Ziele zu verfolgen.<\/li>\n<\/ul>\n<p>&nbsp;<\/p>\n<ul>\n<li><strong>Sachkonflikte:<\/strong> Hier herrschen entgegengesetzte Meinungen und Uneinigkeit \u00fcber eine Sache. Es gibt verschiedene Vorstellungen dar\u00fcber, welches Ziel erreicht werden soll oder es stehen verschiedene L\u00f6sungsvorschl\u00e4ge im Raum, die aber nicht zu vereinen sind. Jedenfalls nicht auf den ersten Blick.<\/li>\n<\/ul>\n<p>&nbsp;<\/p>\n<ul>\n<li><strong>Wertkonflikte<\/strong> treten zum Beispiel bei unterschiedlichen Arbeitsauffassungen auf. Der eine bevorzugt klar geregelte Abl\u00e4ufe, der andere ist lieber spontan; der eine schlie\u00dft unlautere Methoden kategorisch aus, f\u00fcr den anderen sind sie nur Mittel zum Zweck.<\/li>\n<\/ul>\n<p>&nbsp;<\/p>\n<ul>\n<li><strong>Machtkonflikte:<\/strong> Zwei Abteilungen sollen aus Kostengr\u00fcnden zusammengelegt werden. Beide bisherigen Abteilungsleiter wollen keinen Einfluss einb\u00fc\u00dfen. Zack \u2013 schon ist der Machtkonflikt programmiert.<\/li>\n<\/ul>\n<p>&nbsp;<\/p>\n<ul>\n<li><strong>Verteilungskonflikte:<\/strong> Hier dominieren unterschiedliche Auffassungen dar\u00fcber, wie die vorhanden Ressourcen verteilt werden sollen. Wer bekommt den Dienstwagen? Wer das Eckb\u00fcro? Wer die neue attraktive Praktikantin?<\/li>\n<\/ul>\n<p>(Auszug aus: Karrierebibel.de)<\/p>\n<p>&nbsp;<\/p>\n<p>&nbsp;<\/p>\n<p>&nbsp;<\/p>\n<p>&nbsp;<\/p>\n<p><b>Rheingau \/ Rheingau-Taunus \/ R\u00fcdesheim \/ Mainz \/ Bingen \/ Ingelheim \/ Oestrich Winkel<br \/>\n<\/b><\/p>\n","protected":false},"excerpt":{"rendered":"<p>Was ist Mediation? Es handelt sich um eine Methode der gewaltfreien Konfliktbearbeitung. Mediation ist konstruktive Konfliktl\u00f6sung mit Hilfe einer neutralen, dritten Person, bei der win-win-L\u00f6sungen angestrebt werden. Ausgangspunkt ist die Erkenntnis, dass Konfliktpartner f\u00e4hig sind, die f\u00fcr sie akzeptable L\u00f6sung gemeinsam zu finden. Das setzt nat\u00fcrlich voraus, dass die Beteiligten wieder in ein Gespr\u00e4ch kommen, [&hellip;]<\/p>\n","protected":false},"author":2,"featured_media":0,"parent":0,"menu_order":0,"comment_status":"open","ping_status":"open","template":"","meta":{"_bbp_topic_count":0,"_bbp_reply_count":0,"_bbp_total_topic_count":0,"_bbp_total_reply_count":0,"_bbp_voice_count":0,"_bbp_anonymous_reply_count":0,"_bbp_topic_count_hidden":0,"_bbp_reply_count_hidden":0,"_bbp_forum_subforum_count":0},"_links":{"self":[{"href":"http:\/\/psychotherapie-rheingau.com\/index.php?rest_route=\/wp\/v2\/pages\/108"}],"collection":[{"href":"http:\/\/psychotherapie-rheingau.com\/index.php?rest_route=\/wp\/v2\/pages"}],"about":[{"href":"http:\/\/psychotherapie-rheingau.com\/index.php?rest_route=\/wp\/v2\/types\/page"}],"author":[{"embeddable":true,"href":"http:\/\/psychotherapie-rheingau.com\/index.php?rest_route=\/wp\/v2\/users\/2"}],"replies":[{"embeddable":true,"href":"http:\/\/psychotherapie-rheingau.com\/index.php?rest_route=%2Fwp%2Fv2%2Fcomments&post=108"}],"version-history":[{"count":14,"href":"http:\/\/psychotherapie-rheingau.com\/index.php?rest_route=\/wp\/v2\/pages\/108\/revisions"}],"predecessor-version":[{"id":1484,"href":"http:\/\/psychotherapie-rheingau.com\/index.php?rest_route=\/wp\/v2\/pages\/108\/revisions\/1484"}],"wp:attachment":[{"href":"http:\/\/psychotherapie-rheingau.com\/index.php?rest_route=%2Fwp%2Fv2%2Fmedia&parent=108"}],"curies":[{"name":"wp","href":"https:\/\/api.w.org\/{rel}","templated":true}]}}