{"id":1183,"date":"2015-10-29T11:52:54","date_gmt":"2015-10-29T09:52:54","guid":{"rendered":"http:\/\/psychotherapie-rheingau.com\/?page_id=1183"},"modified":"2025-04-17T10:57:16","modified_gmt":"2025-04-17T08:57:16","slug":"arbeitsgruppe-pruefungstermin-hpg","status":"publish","type":"page","link":"http:\/\/psychotherapie-rheingau.com\/?page_id=1183","title":{"rendered":"ARBEITSGRUPPE PR\u00dcFUNGSTERMIN HPG"},"content":{"rendered":"<h1><strong>Und jetzt erst mal viel Gl\u00fcck bei der Pr\u00fcfung \ud83d\ude09<\/strong><\/h1>\n<h3 style=\"text-align: justify;\"><span style=\"color: #800000;\">Wer bei einem Kollegen oder in einer anderen Ausbildungsst\u00e4tte die Ausbildung gemacht hat und\u00a0 kurz vor der Pr\u00fcfung steht, kann gerne in der Gruppe die Pr\u00fcfungssimulationen mit trainieren. Die schriftliche und m\u00fcndliche Pr\u00fcfung wird explizit ausgearbeitet. Nach Beantwortung der schriftlichen Pr\u00fcfung werden wir nach der Auswertung die m\u00fcndliche Pr\u00fcfung mit jedem Teilnehmer \u00fcben.<br \/>\n<\/span><\/h3>\n<h3 style=\"text-align: center;\"><span style=\"color: #800000;\">Der Unkostenbeitrag betr\u00e4gt <span style=\"text-decoration: underline;\">\u20ac 90,00<\/span> <\/span><\/h3>\n<h3 style=\"text-align: center;\"><span style=\"color: #800000;\">und die Gruppe ist auf 4 Personen begrenzt.<\/span><\/h3>\n<p style=\"text-align: center;\"><span style=\"color: #800000;\">Anmeldung bitte \u00fcber E-Mail oder telefonisch.<br \/>\nNach Eingang der Zahlung ist die Anmeldung verbindlich.<\/span><\/p>\n<p style=\"text-align: center;\">_____________________________________________________________________________________<\/p>\n<h3 style=\"text-align: center;\"><span style=\"color: #800000;\">nach dem Heilpraktikergesetz (siehe Heilpraktikergesetz Psychotherapie)<\/span><\/h3>\n<h3 style=\"text-align: center;\"><span style=\"color: #800000;\">Vorbereitung auf die schriftliche und m\u00fcndliche amts\u00e4rztliche Pr\u00fcfung nach dem Heilpraktikergesetz<\/span><\/h3>\n","protected":false},"excerpt":{"rendered":"<p>Und jetzt erst mal viel Gl\u00fcck bei der Pr\u00fcfung \ud83d\ude09 Wer bei einem Kollegen oder in einer anderen Ausbildungsst\u00e4tte die Ausbildung gemacht hat und\u00a0 kurz vor der Pr\u00fcfung steht, kann gerne in der Gruppe die Pr\u00fcfungssimulationen mit trainieren. Die schriftliche und m\u00fcndliche Pr\u00fcfung wird explizit ausgearbeitet. Nach Beantwortung der schriftlichen Pr\u00fcfung werden wir nach der [&hellip;]<\/p>\n","protected":false},"author":2,"featured_media":0,"parent":0,"menu_order":0,"comment_status":"open","ping_status":"open","template":"","meta":{"_bbp_topic_count":0,"_bbp_reply_count":0,"_bbp_total_topic_count":0,"_bbp_total_reply_count":0,"_bbp_voice_count":0,"_bbp_anonymous_reply_count":0,"_bbp_topic_count_hidden":0,"_bbp_reply_count_hidden":0,"_bbp_forum_subforum_count":0},"_links":{"self":[{"href":"http:\/\/psychotherapie-rheingau.com\/index.php?rest_route=\/wp\/v2\/pages\/1183"}],"collection":[{"href":"http:\/\/psychotherapie-rheingau.com\/index.php?rest_route=\/wp\/v2\/pages"}],"about":[{"href":"http:\/\/psychotherapie-rheingau.com\/index.php?rest_route=\/wp\/v2\/types\/page"}],"author":[{"embeddable":true,"href":"http:\/\/psychotherapie-rheingau.com\/index.php?rest_route=\/wp\/v2\/users\/2"}],"replies":[{"embeddable":true,"href":"http:\/\/psychotherapie-rheingau.com\/index.php?rest_route=%2Fwp%2Fv2%2Fcomments&post=1183"}],"version-history":[{"count":21,"href":"http:\/\/psychotherapie-rheingau.com\/index.php?rest_route=\/wp\/v2\/pages\/1183\/revisions"}],"predecessor-version":[{"id":1630,"href":"http:\/\/psychotherapie-rheingau.com\/index.php?rest_route=\/wp\/v2\/pages\/1183\/revisions\/1630"}],"wp:attachment":[{"href":"http:\/\/psychotherapie-rheingau.com\/index.php?rest_route=%2Fwp%2Fv2%2Fmedia&parent=1183"}],"curies":[{"name":"wp","href":"https:\/\/api.w.org\/{rel}","templated":true}]}}