{"id":121,"date":"2014-03-31T09:34:36","date_gmt":"2014-03-31T07:34:36","guid":{"rendered":"http:\/\/psychotherapie-rheingau.com\/?page_id=121"},"modified":"2017-07-25T11:09:15","modified_gmt":"2017-07-25T09:09:15","slug":"systemische-kinder-und-jugendtherapie","status":"publish","type":"page","link":"http:\/\/psychotherapie-rheingau.com\/?page_id=121","title":{"rendered":"KINDER-THERAPIE"},"content":{"rendered":"<p style=\"text-align: center;\"><a href=\"http:\/\/psychotherapie-rheingau.com\/wp-content\/uploads\/2014\/03\/Image0001.jpg\"><img decoding=\"async\" loading=\"lazy\" class=\"aligncenter size-medium wp-image-795\" src=\"http:\/\/psychotherapie-rheingau.com\/wp-content\/uploads\/2014\/03\/Image0001-218x300.jpg\" alt=\"Image0001\" width=\"218\" height=\"300\" srcset=\"http:\/\/psychotherapie-rheingau.com\/wp-content\/uploads\/2014\/03\/Image0001-218x300.jpg 218w, http:\/\/psychotherapie-rheingau.com\/wp-content\/uploads\/2014\/03\/Image0001-745x1024.jpg 745w, http:\/\/psychotherapie-rheingau.com\/wp-content\/uploads\/2014\/03\/Image0001-624x856.jpg 624w, http:\/\/psychotherapie-rheingau.com\/wp-content\/uploads\/2014\/03\/Image0001.jpg 974w\" sizes=\"(max-width: 218px) 100vw, 218px\" \/><\/a><\/p>\n<p style=\"text-align: center;\"><em><strong>Jedes Kind sehnt sich in seinem tiefsten Herzen nach Geborgenheit<br \/>\nbei seiner Mutter und seinem Vater: \u00bbIch liebe und brauche euch beide!\u00ab<\/strong><\/em><\/p>\n<p style=\"text-align: center;\">Wir sind &#8220;nur&#8221; Eltern, Papa oder Mama und wissen uns manchmal keinen Rat mehr&#8230;<\/p>\n<p style=\"text-align: center;\">Machen wir alles richtig oder was haben wir nur falsch gemacht?<\/p>\n<p style=\"text-align: center;\">Warum reagiert mein Kind nur so?<\/p>\n<p style=\"text-align: center;\">\nIch verstehe das nicht mehr und f\u00fchle mich hilflos&#8230;<\/p>\n<p><em><span style=\"color: #003300;\">Papa und Mama geben immer ihr Bestes und alles was in ihren Kr\u00e4ften steht aber jeder ist zum 1. Mal &#8220;Eltern&#8221; und man m\u00f6chte manchmal Dinge anders machen als die eigenen Eltern, da man es als Kind selber als &#8220;nicht richtig&#8221; empfunden hat. Oft brauchen Eltern einfach nur ein bisschen Hilfe, sich selbst zu sehen, um mit das Kind besser verstehen zu k\u00f6nnen, das nimmt bereits eine Last von den Schultern und die Erwartungshaltung sich selbst und dem Kind gegen\u00fcber kann kleiner werden und so den Druck verringern.<\/span><span style=\"color: #003300;\"><br \/>\n<\/span> <\/em><\/p>\n<p><em>Bewahren kann man die Kinder nicht vor Entt\u00e4uschungen, Misserfolgen, Niederlagen, auch wenn man ihnen am liebsten nur eine heile Welt bieten w\u00fcrde. Das geht leider nicht und ist auch nicht hilfreich, um die Kids auf das Leben vorzubereiten. Eltern d\u00fcrfen ihre Kinder dabei unterst\u00fctzen, Niederlagen und Entt\u00e4uschungen zu verarbeiten. Haben Kinder das gelernt, beherrschen sie eine wichtige Schl\u00fcsselqualifikation f\u00fcr das Leben. Auffangen, mit ihnen Leiden und Erfolgserlebnisse anbieten, das ist die beste Hilfe: Solche Erlebnisse m\u00fcssen nicht spektakul\u00e4r in den Augen Erwachsener sein, sondern in denen der Kinder.<\/em><\/p>\n<p>Ein solcher Erfolg kann sein, einen Kletterparcours zu bew\u00e4ltigen, eine Nacht alleine bei einem Freund zu bleiben, selbst\u00e4ndig einzukaufen oder eine Nachtwanderung mit den Eltern zu unternehmen. Es geht darum, das Selbstvertrauen der Kinder zu st\u00e4rken, dann lassen sich auch Niederlagen wegstecken.<\/p>\n<p><em><strong>Achtsamkeitstraining, Wertsch\u00e4tzung der Eltern und des Kindes finden hier neu erfahren seinen Platz. Bed\u00fcrfnisse und W\u00fcnsche und Gef\u00fchle des Kindes und der Eltern.<\/strong><\/em><\/p>\n<p><em><strong>Wichtig ist hier vor allem auch, dass das Kind seine St\u00e4rken erkennt und seine vermeintlichen Schw\u00e4chen in positives wandeln kann. Dies f\u00fchrt zu Selbstvertrauen und Selbst-bewusst-sein.<\/strong><\/em><\/p>\n<p><span style=\"color: #0000ff;\"><strong><em>Gerne setze ich die tiergest\u00fctzte Therapie ein, da das Kind hier Erfolgserlebnisse hat und Vertrauen aufbaut. Durch meine Stute Dana oder meinen Therapiehund Muffin ist ein achtsamer Umgang gew\u00e4hreistet. Siehe auch:<\/em><\/strong><\/span> <a href=\"http:\/\/psychotherapie-rheingau.com\/?page_id=1354\">Pferdegest\u00fctzte Psychotherapie \/ Verhaltenstherapie<\/a><\/p>\n<p><em>Das erste L\u00e4cheln im Babyalter, die erste vollgemalte Tapete, die ersten eigenh\u00e4ndig geknoteten Schn\u00fcrsenkel, das erste Gerangel auf dem Spielplatz, das erste Mal alleine zur Schule gehen&#8230; Das Zusammensein oder Zusammenleben mit Kindern ist ein Wunder und h\u00e4lt jeden Tag viele \u00dcberraschungen bereit &#8211; sch\u00f6ne und weniger sch\u00f6ne.<\/em><\/p>\n<p>Von der innigen Umarmung bis zum Tobsuchtsanfall ist es oft leider nur ein kleiner Schritt.<\/p>\n<p><em>Eingesetzt werden bew\u00e4hrte ganzheitliche Ans\u00e4tze der systemischen Familientherapie und der Kreativtherapien. Besonderes Augenmerk richte ich im Laufe der Therapie auf zunehmende Ph\u00e4nomene wie Agressionen, Lernschwierigkeiten, Lese- und Rechtschreib- sowie Rechenschw\u00e4che, ADHS, Essst\u00f6rungen und Allergieerkrankungen.<\/em><\/p>\n<p><em>Ziel der systemischen Kinder- und Jugendtherapie ist es, Kinder oder Jugendliche und ihre Eltern\/Systeme zu unterst\u00fctzen, dem Leben fr\u00f6hlich und gesund zu begegnen und mit bestehenden oder zuk\u00fcnftigen Herausforderungen gut umgehen zu k\u00f6nnen.<\/em><\/p>\n<p><strong>\u00a0<\/strong><\/p>\n<p><a href=\"http:\/\/psychotherapie-rheingau.com\/wp-content\/uploads\/2014\/03\/Image0002.jpg\"><img decoding=\"async\" loading=\"lazy\" class=\"aligncenter size-medium wp-image-796\" src=\"http:\/\/psychotherapie-rheingau.com\/wp-content\/uploads\/2014\/03\/Image0002-240x300.jpg\" alt=\"Image0002\" width=\"240\" height=\"300\" srcset=\"http:\/\/psychotherapie-rheingau.com\/wp-content\/uploads\/2014\/03\/Image0002-240x300.jpg 240w, http:\/\/psychotherapie-rheingau.com\/wp-content\/uploads\/2014\/03\/Image0002-822x1024.jpg 822w, http:\/\/psychotherapie-rheingau.com\/wp-content\/uploads\/2014\/03\/Image0002-624x777.jpg 624w, http:\/\/psychotherapie-rheingau.com\/wp-content\/uploads\/2014\/03\/Image0002.jpg 1948w\" sizes=\"(max-width: 240px) 100vw, 240px\" \/><\/a><\/p>\n<p style=\"text-align: left;\"><span style=\"color: #003300;\"><strong><span style=\"text-decoration: underline;\"><em>Die systemische Psychotherapie<\/em><\/span><\/strong><\/span><br \/>\nist ein Behandlungsansatz der davon ausgeht, dass psychische, soziale und manchmal auch k\u00f6rperliche Auff\u00e4lligkeiten bei Kindern und Jugendlichen Bew\u00e4ltigungs- und L\u00f6sungsversuche von Entwicklungskrisen, famili\u00e4ren oder schulischen \u00dcberforderungssituationen, traumatischen Erfahrungen, Beziehungsproblemen oder inneren seelischen Konflikten sind.<\/p>\n<p style=\"text-align: left;\">Da seelische Prozesse \u00fcberwiegend unbewusst ablaufen, zeigen sich St\u00f6rungen allenfalls in Form von Symptomen wie z. b. \u00c4ngsten, Verhaltensauff\u00e4lligkeiten, Leistungsabfall, Kontakt- und Beziehungsproblemen und \/oder k\u00f6rperlichen Beschwerden.\u00a0 Dabei ist das Spektrum von angemessenen Reaktionen auf Entwicklungskrisen bis zu schweren psychischen Erkrankungen breit gef\u00e4chert und bedarf einer gr\u00fcndlichen Diagnostik.<\/p>\n<p style=\"text-align: left;\"><span style=\"text-decoration: underline; color: #003300;\"><em><strong>Diagnostik<\/strong><\/em><\/span><\/p>\n<p>Jeder Therapie, ob Erwachsenen oder Kinder- und Jugendtherapie, geht eine diagnostische Phase voraus. In den ersten Terminen werden das aktuelle Beschwerdebild, die Symptomatik, der Entwicklungsstand, relevante Daten zur Lebensgeschichte, sowie die individuellen Behandlungsziele er\u00f6rtert.<\/p>\n<p>Erst nach Erhebung eines psychischen Befundes und Abkl\u00e4rung der spezifischen Behandlungsvoraussetzungen und bei Kindern der famili\u00e4ren Ressourcen erfolgt eine Behandlungsempfehlung.<\/p>\n<p>Vor Aufnahme einer Kinder- und Jugendtherapie \/ Psychotherapie ist eine Abkl\u00e4rung beim Kinderarzt, Hausarzt oder Kinder- und Jugendpsychiater notwendig.<\/p>\n<p style=\"text-align: center;\"><span style=\"text-decoration: underline; color: #003300;\"><em><strong>Therapie<\/strong><\/em><\/span><b><\/b><\/p>\n<p>Die Kinder- und Jugendtherapie findet in der Regel ein bis zweimal w\u00f6chentlich statt. Ziele sind, gemeinsam einen Zugang zur &#8220;inneren Welt&#8221; des Kindes oder Jugendlichen, den Erlebensweisen und Gef\u00fchlen zu bekommen und die subjektive Bedeutung von Bed\u00fcrfnissen, \u00c4ngsten und Verhaltensweisen zu erschlie\u00dfen. Daraus ergeben sich in der Regel neue Herangehens- und L\u00f6sungsm\u00f6glichkeiten.<\/p>\n<p>Die Therapie findet bei Jugendlichen im Gespr\u00e4ch statt. Bei Kindern werden zus\u00e4tzlich kreative Materialien oder Spiele mit einbezogen.<\/p>\n<p>&nbsp;<\/p>\n<p>&nbsp;<\/p>\n<p><a href=\"http:\/\/psychotherapie-rheingau.com\/wp-content\/uploads\/2014\/01\/Brettaufstellung-1.jpg\"><img decoding=\"async\" loading=\"lazy\" class=\"size-full wp-image-387 aligncenter\" src=\"http:\/\/psychotherapie-rheingau.com\/wp-content\/uploads\/2014\/01\/Brettaufstellung-1.jpg\" alt=\"OLYMPUS DIGITAL CAMERA\" width=\"264\" height=\"155\" \/><\/a><\/p>\n<p style=\"text-align: left;\"><strong><span style=\"color: #003300;\">Gespr\u00e4che mit den Eltern<\/span><br \/>\n<\/strong><br \/>\nZu jeder Kindertherapie geh\u00f6ren regelm\u00e4\u00dfige Gespr\u00e4che mit den Eltern beziehungsweise anderen wichtigen Bezugspersonen. Eine verl\u00e4ssliche und vertrauensvolle Arbeitsbeziehung der Erwachsenen ist unerl\u00e4sslich f\u00fcr eine erfolgreiche Behandlung. Unsicherheit, Angst und Schuldgef\u00fchle k\u00f6nnen zu Beziehungskonflikten und negativen Kreisl\u00e4ufen in der Familie f\u00fchren. In den Elterngespr\u00e4chen k\u00f6nnen solche emotionalen Verwicklungen entdeckt, ausgesprochen, verstanden und bei gutem Verlauf andere L\u00f6sungen gefunden werden.<\/p>\n<p>&nbsp;<\/p>\n<p>&nbsp;<\/p>\n<p><span style=\"color: #000000;\"><em><strong>Anke Lassahn<\/strong><\/em><\/span><\/p>\n<p>Psychologische Beraterin \/ Systemtherapeutin \/ Coach<br \/>\nSystemtherapie \/ Psychotherapie im Rheingau (HeilPG)<br \/>\nGespr\u00e4chstherapeutin \/ Dozentin Heikpraktiker Psychotherapie<\/p>\n<p>Langenhoffstr. 11<br \/>\n65375 Oestrich-Winkel<\/p>\n<p>Tel. 06723-80 49 208<\/p>\n<p>&nbsp;<\/p>\n<p>&nbsp;<\/p>\n<p>&nbsp;<\/p>\n<p>&nbsp;<\/p>\n<p>&nbsp;<\/p>\n<p><b>Rheingau \/ Rheingau-Taunus \/ Mainz \/ Wiesbaden \/ Bingen<br \/>\n<\/b><\/p>\n","protected":false},"excerpt":{"rendered":"<p>Jedes Kind sehnt sich in seinem tiefsten Herzen nach Geborgenheit bei seiner Mutter und seinem Vater: \u00bbIch liebe und brauche euch beide!\u00ab Wir sind &#8220;nur&#8221; Eltern, Papa oder Mama und wissen uns manchmal keinen Rat mehr&#8230; Machen wir alles richtig oder was haben wir nur falsch gemacht? Warum reagiert mein Kind nur so? Ich verstehe [&hellip;]<\/p>\n","protected":false},"author":2,"featured_media":0,"parent":0,"menu_order":0,"comment_status":"open","ping_status":"open","template":"","meta":{"_bbp_topic_count":0,"_bbp_reply_count":0,"_bbp_total_topic_count":0,"_bbp_total_reply_count":0,"_bbp_voice_count":0,"_bbp_anonymous_reply_count":0,"_bbp_topic_count_hidden":0,"_bbp_reply_count_hidden":0,"_bbp_forum_subforum_count":0},"_links":{"self":[{"href":"http:\/\/psychotherapie-rheingau.com\/index.php?rest_route=\/wp\/v2\/pages\/121"}],"collection":[{"href":"http:\/\/psychotherapie-rheingau.com\/index.php?rest_route=\/wp\/v2\/pages"}],"about":[{"href":"http:\/\/psychotherapie-rheingau.com\/index.php?rest_route=\/wp\/v2\/types\/page"}],"author":[{"embeddable":true,"href":"http:\/\/psychotherapie-rheingau.com\/index.php?rest_route=\/wp\/v2\/users\/2"}],"replies":[{"embeddable":true,"href":"http:\/\/psychotherapie-rheingau.com\/index.php?rest_route=%2Fwp%2Fv2%2Fcomments&post=121"}],"version-history":[{"count":35,"href":"http:\/\/psychotherapie-rheingau.com\/index.php?rest_route=\/wp\/v2\/pages\/121\/revisions"}],"predecessor-version":[{"id":1525,"href":"http:\/\/psychotherapie-rheingau.com\/index.php?rest_route=\/wp\/v2\/pages\/121\/revisions\/1525"}],"wp:attachment":[{"href":"http:\/\/psychotherapie-rheingau.com\/index.php?rest_route=%2Fwp%2Fv2%2Fmedia&parent=121"}],"curies":[{"name":"wp","href":"https:\/\/api.w.org\/{rel}","templated":true}]}}