{"id":1531,"date":"2017-09-25T15:03:16","date_gmt":"2017-09-25T13:03:16","guid":{"rendered":"http:\/\/psychotherapie-rheingau.com\/?page_id=1531"},"modified":"2017-10-07T11:05:36","modified_gmt":"2017-10-07T09:05:36","slug":"unternehmensberatung","status":"publish","type":"page","link":"http:\/\/psychotherapie-rheingau.com\/?page_id=1531","title":{"rendered":"SYSTEMISCHE UNTERNEHMENSBERATUNG"},"content":{"rendered":"<h1><a href=\"http:\/\/psychotherapie-rheingau.com\/wp-content\/uploads\/2017\/09\/H\u00e4nde-wasser.jpg\"><img decoding=\"async\" loading=\"lazy\" class=\"aligncenter wp-image-1536\" src=\"http:\/\/psychotherapie-rheingau.com\/wp-content\/uploads\/2017\/09\/H\u00e4nde-wasser-150x150.jpg\" alt=\"\" width=\"185\" height=\"185\" srcset=\"http:\/\/psychotherapie-rheingau.com\/wp-content\/uploads\/2017\/09\/H\u00e4nde-wasser-150x150.jpg 150w, http:\/\/psychotherapie-rheingau.com\/wp-content\/uploads\/2017\/09\/H\u00e4nde-wasser-300x300.jpg 300w, http:\/\/psychotherapie-rheingau.com\/wp-content\/uploads\/2017\/09\/H\u00e4nde-wasser-624x624.jpg 624w, http:\/\/psychotherapie-rheingau.com\/wp-content\/uploads\/2017\/09\/H\u00e4nde-wasser.jpg 756w\" sizes=\"(max-width: 185px) 100vw, 185px\" \/><\/a><\/h1>\n<h1 style=\"text-align: center;\">Systemische Unternehmensberatung<br \/>\nzur Wiederherstellung oder Korrektur,<br \/>\nf\u00fcr gesundes Arbeitsklima und<br \/>\nzur F\u00f6rderung der Arbeitsleistung<br \/>\nim Unternehmen.<\/h1>\n<p>&nbsp;<\/p>\n<p>Viele Dinge bleiben z.B. in Abteilungen unausgesprochen, man traut sich nicht zu sagen, was einen st\u00f6rt. Eine Unzufriedenheit, die sich in den Abteilungen der Firma ausbreitet sind meist die Folge. In der systemischen Unternehmensberatung arbeite ich mit jedem Einzelnen in einer Gruppe (z.B. B\u00fcrogemeinschaft oder Kindergartenteam, etc.)<\/p>\n<p>Jeder Einzelne kommt zu Wort und darf Kritik oder Lob \u00e4u\u00dfern, je nachdem wie man es sieht. Jeder wird gespiegelt und im Endergebnis findet man gemeinsam L\u00f6sungswege, die man umsetzen kann. Auch der Chef\/die Chefin werden hier im Team mit einbezogen und k\u00f6nnen so die Struktur aufbauen, die n\u00f6tig ist, um alle Kompetenzen klar zu regeln. Mit der Regelung der Kompetenzen und Bereiche wei\u00df jeder, an welcher Stelle im Unternehmen er steht und hat somit eine gesunde Basis f\u00fcr seine Arbeit.<\/p>\n<p>Dies f\u00fchrt zu einer gezielten Verkn\u00fcpfung von Personal- und Organisationsentwicklungsprozessen. Die\u00a0 Entwicklung von Kooperationsf\u00e4higkeit innerhalb des Systems wird effektiv gef\u00f6rdert.<\/p>\n<p><b>Systemische Organisationsberatung<\/b> ist ein Konzept, das vor allem von <a title=\"Unternehmensberater\" href=\"https:\/\/de.wikipedia.org\/wiki\/Unternehmensberater\">Unternehmensberatern<\/a> angewandt wird. Eine der historischen Wurzeln ist die <a title=\"Familientherapie\" href=\"https:\/\/de.wikipedia.org\/wiki\/Familientherapie\">Familientherapie<\/a> und der Versuch, diese auf komplexere, gr\u00f6\u00dfere, soziale Systeme zu \u00fcbertragen. Die <a title=\"Systemtheorie\" href=\"https:\/\/de.wikipedia.org\/wiki\/Systemtheorie\">Systemtheorie<\/a> wird als theoretisches Reflexionsrepertoire w\u00e4hrend des <a class=\"new\" title=\"Beratungsprozess (Seite nicht vorhanden)\" href=\"https:\/\/de.wikipedia.org\/w\/index.php?title=Beratungsprozess&amp;action=edit&amp;redlink=1\">Beratungsprozesses<\/a> verstanden.<\/p>\n<p>Die systemische Organisationsberatung geht davon aus, dass sich komplexe Probleme nicht l\u00f6sen lassen, wenn man die Aufmerksamkeit lediglich auf ein Element richtet. <a title=\"Soziotechnisches System\" href=\"https:\/\/de.wikipedia.org\/wiki\/Soziotechnisches_System\">Soziotechnische Systeme<\/a> ben\u00f6tigen nach der Theorie der Systemischen Organisationsberatung nur Unterst\u00fctzung bei der L\u00f6sung ihrer Probleme. Die L\u00f6sung muss von innen kommen. Die \u201eExperten des Problems\u201c sind die <a title=\"Mitarbeiter\" href=\"https:\/\/de.wikipedia.org\/wiki\/Mitarbeiter\">Mitarbeiter<\/a>, die das Problem haben. Der systemische <a class=\"mw-redirect\" title=\"Berater\" href=\"https:\/\/de.wikipedia.org\/wiki\/Berater\">Berater<\/a> beschr\u00e4nkt sich auf <a title=\"Coaching\" href=\"https:\/\/de.wikipedia.org\/wiki\/Coaching\">Coaching<\/a>, Anregung und hinf\u00fchrende Fragestellungen.<\/p>\n<p>Man kann ein <a title=\"Soziales System\" href=\"https:\/\/de.wikipedia.org\/wiki\/Soziales_System\">soziales System<\/a>, wie ein <a title=\"Unternehmen\" href=\"https:\/\/de.wikipedia.org\/wiki\/Unternehmen\">Unternehmen<\/a>, eine Abteilung oder eine <a title=\"Arbeitsgruppe\" href=\"https:\/\/de.wikipedia.org\/wiki\/Arbeitsgruppe\">Gruppe<\/a> nur verstehen, wenn man die Regeln kennt, die das <a title=\"Sozialverhalten\" href=\"https:\/\/de.wikipedia.org\/wiki\/Sozialverhalten\">Verhalten<\/a> der <a title=\"Person\" href=\"https:\/\/de.wikipedia.org\/wiki\/Person\">Personen<\/a> in diesem <a title=\"System\" href=\"https:\/\/de.wikipedia.org\/wiki\/System\">System<\/a> leitet (<a title=\"Eckard K\u00f6nig\" href=\"https:\/\/de.wikipedia.org\/wiki\/Eckard_K%C3%B6nig\">K\u00f6nig<\/a> 1998). Da Probleme grunds\u00e4tzlich im Zusammenhang mit dem sozialen System zu l\u00f6sen sind, ergeben sich f\u00fcr eine L\u00f6sung aus systemischer Sicht folgende Ansatzpunkte:<\/p>\n<ul>\n<li>Ver\u00e4nderung in Bezug auf die Personen<\/li>\n<li>Ver\u00e4nderung der subjektiven Deutungen<\/li>\n<li>Ver\u00e4nderung von Verhaltensregeln und der darauf basierenden gemeinsamen Deutungen<\/li>\n<li>Ver\u00e4nderung der Interaktionsstrukturen<\/li>\n<li>Ver\u00e4nderung der Systemumwelt<\/li>\n<li>Ver\u00e4nderung hinsichtlich der zuk\u00fcnftigen Entwicklungsrichtung und\/oder der Entwicklungsgeschwindigkeit<\/li>\n<\/ul>\n<p>(WIKIPEDIA)<\/p>\n","protected":false},"excerpt":{"rendered":"<p>Systemische Unternehmensberatung zur Wiederherstellung oder Korrektur, f\u00fcr gesundes Arbeitsklima und zur F\u00f6rderung der Arbeitsleistung im Unternehmen. &nbsp; Viele Dinge bleiben z.B. in Abteilungen unausgesprochen, man traut sich nicht zu sagen, was einen st\u00f6rt. Eine Unzufriedenheit, die sich in den Abteilungen der Firma ausbreitet sind meist die Folge. In der systemischen Unternehmensberatung arbeite ich mit jedem [&hellip;]<\/p>\n","protected":false},"author":2,"featured_media":0,"parent":0,"menu_order":0,"comment_status":"closed","ping_status":"closed","template":"","meta":{"_bbp_topic_count":0,"_bbp_reply_count":0,"_bbp_total_topic_count":0,"_bbp_total_reply_count":0,"_bbp_voice_count":0,"_bbp_anonymous_reply_count":0,"_bbp_topic_count_hidden":0,"_bbp_reply_count_hidden":0,"_bbp_forum_subforum_count":0},"_links":{"self":[{"href":"http:\/\/psychotherapie-rheingau.com\/index.php?rest_route=\/wp\/v2\/pages\/1531"}],"collection":[{"href":"http:\/\/psychotherapie-rheingau.com\/index.php?rest_route=\/wp\/v2\/pages"}],"about":[{"href":"http:\/\/psychotherapie-rheingau.com\/index.php?rest_route=\/wp\/v2\/types\/page"}],"author":[{"embeddable":true,"href":"http:\/\/psychotherapie-rheingau.com\/index.php?rest_route=\/wp\/v2\/users\/2"}],"replies":[{"embeddable":true,"href":"http:\/\/psychotherapie-rheingau.com\/index.php?rest_route=%2Fwp%2Fv2%2Fcomments&post=1531"}],"version-history":[{"count":8,"href":"http:\/\/psychotherapie-rheingau.com\/index.php?rest_route=\/wp\/v2\/pages\/1531\/revisions"}],"predecessor-version":[{"id":1549,"href":"http:\/\/psychotherapie-rheingau.com\/index.php?rest_route=\/wp\/v2\/pages\/1531\/revisions\/1549"}],"wp:attachment":[{"href":"http:\/\/psychotherapie-rheingau.com\/index.php?rest_route=%2Fwp%2Fv2%2Fmedia&parent=1531"}],"curies":[{"name":"wp","href":"https:\/\/api.w.org\/{rel}","templated":true}]}}