{"id":54,"date":"2014-01-22T10:23:48","date_gmt":"2014-01-22T08:23:48","guid":{"rendered":"http:\/\/psychotherapie-rheingau.com\/?page_id=54"},"modified":"2024-03-11T14:17:25","modified_gmt":"2024-03-11T12:17:25","slug":"preise","status":"publish","type":"page","link":"http:\/\/psychotherapie-rheingau.com\/?page_id=54","title":{"rendered":"Therapie-PREISE"},"content":{"rendered":"<p><b>Rechnungsstellung f\u00fcr therapeutische Leistung:<\/b><\/p>\n<p>Die Heilpraktikerleistungen\u00a0sind nach \u00a7 4 Nr.14 UStG von der Umsatzsteuer befreit.<\/p>\n<p>Diese Privatrechnungen werden von den gesetzlichen Krankenkassen nicht \u00fcbernommen und sind vor Behandlungsbeginn bar in der Praxis von Ihnen zu begleichen.<\/p>\n<p>Private Kranken-Zusatz-Versicherungen und Private Krankenversicherungen \u00fcbernehmen, sofern es Ihr pers\u00f6nlicher Tarif vorsieht, die Rechnungen anteilig oder komplett. Die Beihilfe der Mitarbeiter im \u00f6ffentlichen Dienst \u00fcbernimmt die Leistung \u00fcblicherweise vollst\u00e4ndig.<\/p>\n<p><strong><span style=\"color: #800000;\">Die Beantragung einer m\u00f6glichen Erstattung obliegt Ihnen.<\/span><\/strong><\/p>\n<p><strong>F\u00fcr Studenten, Rentner, Arbeitslose oder\u00a0Alleinerziehende gew\u00e4hre ich bei einem entsprechenden Nachweis ein soziales Honorar. Bitte sprechen Sie mich an.<\/strong><\/p>\n<p>Die Geb\u00fchr ist\u00a0 in bar\u00a0 zu begleichen. Am Ende der Therapie bekommen Sie eine Gesamtrechnung mit allen aufgef\u00fchrten Terminen und von Ihnen geleisteten Zahlungen. Sie k\u00f6nnen auch bei jedem Termin eine Einzelquittung erhalten.<\/p>\n<p><span style=\"text-decoration: underline;\"><b>Termintreue:<\/b><\/span><\/p>\n<h2>Wenn es Ihnen nicht m\u00f6glich sein sollte, einen vereinbarten Termin wahr zu nehmen, k\u00f6nnen Sie diesen <strong><span style=\"color: #800000;\">kostenlos bis 48 Stunden vorher<\/span><\/strong> absagen.<\/h2>\n<p><span style=\"color: #800000;\"><strong>Nicht oder nicht rechtzeitig abgesagte Termine werden Ihnen voll in Rechnung gestellt.<\/strong><\/span> Die Ihnen \u00fcbersandte Rechnung ist nach Erhalt und ohne Abzug per \u00dcberweisung zu begleichen.<\/p>\n<p><span style=\"color: #800000;\"><strong>Preise ab Januar 2024<\/strong><\/span><\/p>\n<table style=\"height: 254px;\" border=\"0\" width=\"495\" cellspacing=\"0\" cellpadding=\"0\" align=\"left\">\n<tbody>\n<tr>\n<td valign=\"top\">\n<h1><b><i><span style=\"text-decoration: underline;\">Leistungen<\/span><\/i><\/b><\/h1>\n<\/td>\n<td style=\"text-align: center;\" valign=\"top\">\n<h1>\u20ac<\/h1>\n<\/td>\n<\/tr>\n<tr>\n<td valign=\"top\">\n<h2><strong>Erstgespr\u00e4ch &amp; Anamnese (60 &#8211; 90 Min.)<\/strong><\/h2>\n<\/td>\n<td valign=\"top\">\n<h2 style=\"text-align: center;\" align=\"right\"><strong>90,00 \u20ac<\/strong><\/h2>\n<\/td>\n<\/tr>\n<tr>\n<td valign=\"top\">\n<h2><strong>Therapiestunde (60 Min.)<\/strong><\/h2>\n<h2>Therapiestunde mit Pferd \/ Hund<\/h2>\n<\/td>\n<td valign=\"top\">\n<h2 style=\"text-align: center;\" align=\"right\"><strong>65,00 \u20ac<\/strong><\/h2>\n<h2>\u00a0\u00a0\u00a0 70,00 \u20ac<\/h2>\n<\/td>\n<\/tr>\n<tr>\n<td valign=\"top\">\n<h2><strong>Paarberatung &amp; Familientherapie (60 Min.)<\/strong><\/h2>\n<h2><strong>Unternehmensberatung (60 Min.)<\/strong><\/h2>\n<h2><strong>MEDIATION (60 Min.)<\/strong><\/h2>\n<\/td>\n<td valign=\"top\">\n<h2 style=\"text-align: center;\" align=\"right\"><strong>110,00 \u20ac<\/strong><\/h2>\n<h2 style=\"text-align: center;\" align=\"right\">120,00 \u20ac<\/h2>\n<h2 style=\"text-align: center;\" align=\"right\"><strong>90,00 \u20ac<\/strong><\/h2>\n<\/td>\n<\/tr>\n<\/tbody>\n<\/table>\n<h4 style=\"text-align: center;\"><em><strong>Da es sich manchmal nicht vermeiden l\u00e4sst, dass die Therapiestunde<br \/>\nl\u00e4nger dauert, <\/strong><\/em><em><strong>kostet es f\u00fcr die n\u00e4chsten angefangenen <span style=\"color: #800000;\">30 Minuten<\/span> jeweils zzgl. <span style=\"color: #800000;\">\u20ac 20,00<\/span>.<\/strong><\/em><\/h4>\n<p style=\"text-align: center;\"><span style=\"text-decoration: underline;\"><strong>Bei Hausbesuchen werden f\u00fcr die Anfahrt\u00a0 \u20ac 10,00 berechnet.<\/strong><\/span><\/p>\n<p style=\"text-align: center;\"><strong><span style=\"color: #800000;\">\u00a0Sch\u00fcler, Studenten und Auszubildenden biete ich einen<br \/>\n<span style=\"text-decoration: underline;\">&#8220;Taschengeldpreis&#8221;<\/span>\u00a0\u00a0\u00a0 nach Absprache an.<\/span><\/strong><\/p>\n<h1 style=\"text-align: center;\"><strong>\u00a0Bitte beachten Sie meine Seite zu den<br \/>\n<a href=\"http:\/\/psychotherapie-rheingau.com\/?page_id=344\">FAQ KASSENABRECHNUNG<\/a><\/strong><\/h1>\n","protected":false},"excerpt":{"rendered":"<p>Rechnungsstellung f\u00fcr therapeutische Leistung: Die Heilpraktikerleistungen\u00a0sind nach \u00a7 4 Nr.14 UStG von der Umsatzsteuer befreit. Diese Privatrechnungen werden von den gesetzlichen Krankenkassen nicht \u00fcbernommen und sind vor Behandlungsbeginn bar in der Praxis von Ihnen zu begleichen. Private Kranken-Zusatz-Versicherungen und Private Krankenversicherungen \u00fcbernehmen, sofern es Ihr pers\u00f6nlicher Tarif vorsieht, die Rechnungen anteilig oder komplett. Die Beihilfe [&hellip;]<\/p>\n","protected":false},"author":2,"featured_media":0,"parent":0,"menu_order":0,"comment_status":"open","ping_status":"open","template":"","meta":{"_bbp_topic_count":0,"_bbp_reply_count":0,"_bbp_total_topic_count":0,"_bbp_total_reply_count":0,"_bbp_voice_count":0,"_bbp_anonymous_reply_count":0,"_bbp_topic_count_hidden":0,"_bbp_reply_count_hidden":0,"_bbp_forum_subforum_count":0},"_links":{"self":[{"href":"http:\/\/psychotherapie-rheingau.com\/index.php?rest_route=\/wp\/v2\/pages\/54"}],"collection":[{"href":"http:\/\/psychotherapie-rheingau.com\/index.php?rest_route=\/wp\/v2\/pages"}],"about":[{"href":"http:\/\/psychotherapie-rheingau.com\/index.php?rest_route=\/wp\/v2\/types\/page"}],"author":[{"embeddable":true,"href":"http:\/\/psychotherapie-rheingau.com\/index.php?rest_route=\/wp\/v2\/users\/2"}],"replies":[{"embeddable":true,"href":"http:\/\/psychotherapie-rheingau.com\/index.php?rest_route=%2Fwp%2Fv2%2Fcomments&post=54"}],"version-history":[{"count":41,"href":"http:\/\/psychotherapie-rheingau.com\/index.php?rest_route=\/wp\/v2\/pages\/54\/revisions"}],"predecessor-version":[{"id":1621,"href":"http:\/\/psychotherapie-rheingau.com\/index.php?rest_route=\/wp\/v2\/pages\/54\/revisions\/1621"}],"wp:attachment":[{"href":"http:\/\/psychotherapie-rheingau.com\/index.php?rest_route=%2Fwp%2Fv2%2Fmedia&parent=54"}],"curies":[{"name":"wp","href":"https:\/\/api.w.org\/{rel}","templated":true}]}}