{"id":58,"date":"2014-01-22T10:40:17","date_gmt":"2014-01-22T08:40:17","guid":{"rendered":"http:\/\/psychotherapie-rheingau.com\/?page_id=58"},"modified":"2017-06-09T07:13:00","modified_gmt":"2017-06-09T05:13:00","slug":"systemische-paar-und-familienberatung","status":"publish","type":"page","link":"http:\/\/psychotherapie-rheingau.com\/?page_id=58","title":{"rendered":"PAAR- und FAMILIENTHERAPIE"},"content":{"rendered":"<h2 style=\"text-align: center;\"><span style=\"color: #808080;\"><em><strong>Ich stehe vor dir &#8211; doch Du siehst mich nicht&#8230;<\/strong><\/em><\/span><\/h2>\n<h2 style=\"text-align: center;\"><span style=\"color: #808080;\"><em><strong>Ich rede mit dir &#8211; doch Du h\u00f6rst mich nicht&#8230;<\/strong><\/em><\/span><\/h2>\n<h2 style=\"text-align: center;\"><span style=\"color: #808080;\"><em><strong>Ich ber\u00fchre dich &#8211; doch Du sp\u00fcrst mich nicht&#8230;<\/strong><\/em><\/span><\/h2>\n<p style=\"text-align: right;\"><span style=\"color: #999999;\"><em>\u00a0(Zitat: A. Lassahn)<\/em><\/span><\/p>\n<p>&nbsp;<\/p>\n<p><a href=\"http:\/\/psychotherapie-rheingau.com\/wp-content\/uploads\/2014\/01\/20141101_132615.jpg\"><img decoding=\"async\" loading=\"lazy\" class=\"aligncenter wp-image-1473\" src=\"http:\/\/psychotherapie-rheingau.com\/wp-content\/uploads\/2014\/01\/20141101_132615-150x150.jpg\" alt=\"\" width=\"228\" height=\"228\" \/><\/a><\/p>\n<p><strong>Gehen oder bleiben?<\/strong><\/p>\n<p>Was ist \u00fcbrig geblieben von der Beziehung?<\/p>\n<p>Das Bauchgef\u00fchl sagt: &#8220;geh&#8221; und der Verstand sagt: &#8220;bleib&#8221;<\/p>\n<p>Wie tief sind wir noch miteinander verwurzelt?<\/p>\n<p>&nbsp;<\/p>\n<p>Wenn Paare zu mir in die Paartherapie kommen, f\u00fchlt sich mindestens einer, meist beide in ihrer Paarbeziehung nicht mehr wohl, leidet oder ist sogar k\u00f6rperlich\/seelisch krank geworden. Hier ist\u00a0 die gemeinsame Beziehung \u201ekrank\u201c.<\/p>\n<p>In einem gemeinsamen therapeutischen Prozess kann die Beziehung \u201egeheilt\u201c werden; das bedeutet, das anstehende Ver\u00e4nderungs- und Entwicklungsprozesse angesto\u00dfen werden, an denen beide Partner beteiligt sind, damit sich jeder wieder in der gemeinsamen Beziehung wohl f\u00fchlt und die Liebe zwischen beiden Partnern flie\u00dfen kann wenn es m\u00f6glich ist&#8230;<\/p>\n<p>Eine gesunde und tragf\u00e4hige Paarbeziehung zu schaffen, eine der gro\u00dfen Herausforderungen unseres Seins. Manchmal gibt es in einer Paarbeziehung Zeiten, in denen das Bleiben in Frage gestellt ist.<\/p>\n<p>Ich unterscheide kaum zwischen Paartherapie und Paarberatung;<em><strong> vielmehr geht es mir darum, gemeinsam mit Ihnen gute L\u00f6sungen f\u00fcr die anstehenden Probleme zu entwickeln und zu Einsichten in die Zusammenh\u00e4nge der bestehenden Krise zu gelangen.<\/strong><\/em> Menschliche Krisen und eben auch Paarkrisen sind nach meinem Verst\u00e4ndnis Signale f\u00fcr wichtige anstehende Entwicklungsschritte im Lebensfluss des Paares.<\/p>\n<p>In der Paartherapie versuche ich mit Ihnen als Paar gemeinsam einen lebendigen Prozess zu gestalten, in dem das Sinnhafte der Krise auf verschiedenen Ebenen ans Licht gehoben wird, Ursachen werden einem gr\u00f6\u00dferen Kontext neu zugeordnet &#8211; und anstehende Ver\u00e4nderungsprozesse k\u00f6nnen angesto\u00dfen werden. Dar\u00fcber hinaus werden konstruktive Formen der partnerschaftlichen Kommunikation einge\u00fcbt und in neuen Formen der Paarkultur gefestigt.<\/p>\n<p>&nbsp;<\/p>\n<h1><strong>MIT WELCHEN PROBLEMEN KOMMEN PAARE IN PAARTHERAPIE?<\/strong><\/h1>\n<p>Die h\u00e4ufigsten Probleme, mit denen Paare zu mir kommen, sind:<\/p>\n<p>&#8211; gro\u00dfe Unzufriedenheit durch h\u00e4ufiges Streiten<br \/>\n&#8211; Entscheidungsprobleme<br \/>\n&#8211; Au\u00dfenbeziehungen und die Folgen im Paar<br \/>\n&#8211; Trennungswunsch<br \/>\n&#8211; Erziehungsprobleme \u2192 Paarkonflikte<br \/>\n&#8211; Beruf und Familie \u2192 Paarkonflikte<br \/>\n&#8211; Zweitehen \u2013 Zusammengesetzte Familien<br \/>\n&#8211; Sexualprobleme<br \/>\n&#8211; Gewalt, Sucht<br \/>\n&#8211; Krankheit im Paar, in der Familie<br \/>\n&#8211; Verlust und Tod<br \/>\n&#8211; Altersprobleme<br \/>\n&#8211; Sinnkrisen<\/p>\n<p>&nbsp;<\/p>\n<p><strong>WIE VERL\u00c4UFT EINE PAARTHERAPIE?<\/strong><\/p>\n<p>\u00c4u\u00dferlich beginnt eine Paartherapie mit einem ausf\u00fchrlichen Erstgespr\u00e4ch, das dem gegenseitigen Kennenlernen dient. Erst am Ende dieses Erstgespr\u00e4ches entscheidet das Paar und die Therapeutin \u00fcber eine weitere Zusammenarbeit.<br \/>\nWird diese vereinbart, so folgen regelm\u00e4\u00dfige Sitzungen von 1 Std im Abstand von 1-2 Wochen, je nach Absprache. Die Anzahl der Sitzungen einer Paartherapie kann individuell sehr unterschiedlich sein, manchmal kann sie bei 2 &#8211; 4 Sitzungen liegen, manchmal umfasst der Prozess 5 \u2013 10 Sitzungen.<br \/>\nDer therapeutische Prozess schlie\u00dft mit einem bilanzierenden Abschlussgespr\u00e4ch ab, und er kann noch durch ein Nachsorgegespr\u00e4ch, das mit gro\u00dfem zeitlichen Abstand durchgef\u00fchrt wird, abgerundet werden. Alle Absprachen zum \u00e4u\u00dferen Ablauf der Paartherapie werden gemeinsam getroffen.<\/p>\n<p>Im Inneren, also inhaltlichen Verlauf einer Paartherapie gehe ich zun\u00e4chst von der Gegenwart des Paares aus, und der darin beschriebenen Lebenswirklichkeit.<\/p>\n<p>Um die Zusammenh\u00e4nge der Problematik im gr\u00f6\u00dferen Kontext zu verstehen, erweitere ich den Blick sodann auf die Geschichte des Paares als ihrem gemeinsamen Lebensweg.<\/p>\n<p>Im Paartherapieprozess verbindet sich also \u00fcber die Gegenwart die Vergangenheit mit der Zukunft.<\/p>\n<p><strong>WAS K\u00d6NNEN SIE VON MIR ERWARTEN?<\/strong><\/p>\n<p>&#8211; Qualifizierte Ausbildungen im Bereich der Systemischen Therapie<br \/>\n&#8211; Fortlaufende Weiterqualifikation in diesem Bereich.<br \/>\n&#8211; Absolute Schweigepflicht!<br \/>\n&#8211; Zuverl\u00e4ssigkeit in allen Absprachen.<br \/>\n&#8211; Achtsamkeit in der Gestaltung der Beziehungsebene mit Ihnen als Paar.<br \/>\n&#8211; Allparteilichkeit, Offenheit, Wertfreiheit, Geduld und emotionale St\u00e4rke in der Rahmung und\u00a0\u00a0\u00a0\u00a0\u00a0 Begleitung Ihres Paarprozesses.<br \/>\n&#8211; Ihnen eine sachkundige Wegbegleiterin zu sein, um sich, falls n\u00f6tig, Ihnen auch einmal in den Weg zu stellen!<\/p>\n<p><strong>WAS BRAUCHE ICH VON IHNEN?<\/strong><\/p>\n<p>&#8211; Die Motivation und Bereitschaft beider Partner, an diesem Prozess der Ver\u00e4nderung gemeinsam mitzuwirken und f\u00fcr das Eigene Verantwortung zu \u00fcbernehmen.<br \/>\n&#8211; Die Bereitschaft, sich gen\u00fcgend Zeit einzur\u00e4umen, sowohl f\u00fcr die<br \/>\n&#8211; vereinbarten Paargespr\u00e4che, als auch dazwischen f\u00fcr den Beziehungsprozess im Alltag.<br \/>\n&#8211; Die Bereitschaft, eine Zeitlang die Beziehungskl\u00e4rung und -entwicklung in den Fokus Ihrer Aufmerksamkeit zu stellen.<br \/>\n&#8211; Offenheit f\u00fcr Neues.<br \/>\n&#8211; Mut, sich zu \u00f6ffnen, f\u00fcr sich selbst zu sprechen und die eigene Situation aus der N\u00e4he zu betrachten.<br \/>\n&#8211; Ihren finanziellen Einsatz gem\u00e4\u00df Ihren Verm\u00f6gensverh\u00e4ltnissen als Ausdruck Ihrer Verantwortlichkeit f\u00fcr Ihre eigenen Belange.<\/p>\n<p><strong><span style=\"color: #003300;\">Eine Paartherapie sollte in Betracht gezogen werden, wenn<\/span><\/strong><\/p>\n<ul>\n<li>wichtige W\u00fcnsche eines Partners nicht mehr angesprochen und\/oder erf\u00fcllt werden<\/li>\n<li>einer oder beide Partner h\u00e4ufig kritisiert\/kritisieren<\/li>\n<li>Ziele oder Pl\u00e4ne f\u00fcr die Zukunft weit auseinander gehen<\/li>\n<li>es kaum noch gemeinsame Interessen gibt<\/li>\n<li>die Partnerschaft einseitig ist, d.h. einer der beiden trifft immer nur Entscheidungen, bestimmt \u00fcber Geld, Urlaub, Freundeskreis, Kindererziehung, sexuelle Aktivit\u00e4ten und der andere leidet darunter<\/li>\n<li><span style=\"color: #000000;\"><span style=\"color: #000000;\">einer der beiden oder beide sexuell selten oder nie befriedigt wird\/werden und dies als Problem angesehen wird<\/span><\/span><\/li>\n<li><span style=\"color: #000000;\"><span style=\"color: #000000;\">kein <a href=\"http:\/\/www.partnerschaft-beziehung.de\/vertrauen.html\"><span style=\"color: #000000;\">Vertrauen<\/span><\/a> mehr da ist<\/span><\/span><\/li>\n<li><span style=\"color: #000000;\"><span style=\"color: #000000;\">einer oder beide Partner sich nicht mehr unterst\u00fctzt f\u00fchlen<\/span><\/span><\/li>\n<li><span style=\"color: #000000;\"><span style=\"color: #000000;\">einer oder beide sich vom anderen oft unverstanden f\u00fchlen<\/span><\/span><\/li>\n<li><span style=\"color: #000000;\"><span style=\"color: #000000;\"><a href=\"http:\/\/www.partnerschaft-beziehung.de\/enttaeuschungen.html\"><span style=\"color: #000000;\">Entt\u00e4uschungen<\/span><\/a> und <a href=\"http:\/\/www.partnerschaft-beziehung.de\/kritik.html\"><span style=\"color: #000000;\">Kritik<\/span><\/a> nicht mehr ausgesprochen werden<\/span><\/span><\/li>\n<li><span style=\"color: #000000;\">der Partner eine Au\u00dfenbeziehung eingeht, d.h. <a href=\"http:\/\/www.partnerschaft-beziehung.de\/fremdgehen.html\"><span style=\"color: #000000;\">fremdgeht<br \/>\n<\/span><\/a><\/span><\/li>\n<li>ein Partner aufgrund der bestehenden Beziehung psychosomatische Beschwerden entwickelt.<\/li>\n<\/ul>\n<p><strong>Fast immer treffen mehrere dieser Punkte zusammen.<\/strong><\/p>\n<p>Zun\u00e4chst steht meist der Versuch, aufgrund der Initiative<br \/>\neines Partners miteinander zu reden.<\/p>\n<p>H\u00e4ufig kommt es dann zum Abblocken des Partners oder<br \/>\nzu aggressiven Schuldzuweisungen: <strong>Das Paar dreht sich im Kreis.<\/strong><\/p>\n<p>Die Unf\u00e4higkeit, dem anderen zuzuh\u00f6ren, Unverst\u00e4ndnis f\u00fcr die Bed\u00fcrfnisse des anderen,<br \/>\ndas Auflisten eigener Entt\u00e4uschungen und Rechthaberei sind an der Tagesordnung.<\/p>\n<p>Die Paartherapie hilft, festgefahrene Kommunikationsmuster zu unterbrechen.<br \/>\nMeist finden einzelne und gemeinsame Sitzungen statt.<\/p>\n<p>Der Therapeut versucht mit dem Paar, die Probleme herauszuarbeiten und<br \/>\ngemeinsame Therapieziele zu formulieren.<\/p>\n<p>In meiner <a title=\"Eheberatung bei Partnerschaftsproblemen\" href=\"http:\/\/www.partnerschaft-beziehung.de\/ehe-beratung.html\">Eheberatung<\/a> finden Sie Informationen zu vielen Eheproblemen,<br \/>\n\u00fcber die Paare h\u00e4ufig klagen.<\/p>\n<p>Manchmal ist auch ein Therapieziel, herauszufinden,<br \/>\nob man <a title=\"Soll ich gehen oder bleiben?\" href=\"http:\/\/www.partnerschaft-beziehung.de\/gehen-oder-bleiben.html\">zusammenbleiben oder sich trennen<\/a> will.<\/p>\n<p>Danach wird mit Hilfe von Rollenspielen neues Verhalten erlernt. \u00dcbungen, sich zu beobachten, dem Partner zuzuh\u00f6ren, ihm R\u00fcckmeldung zu geben und konstruktive Vorschl\u00e4ge zu machen sind Themen der Therapie.<\/p>\n<p><strong>Die Paartherapie hilft,<\/strong><\/p>\n<ul>\n<li>mit Hilfe der Analyse der Lebensgeschichte das Verhalten des Partners zu verstehen<\/li>\n<li>sich \u00fcber eigene W\u00fcnsche bewusst zu werden und sie anzusprechen<\/li>\n<li>die W\u00fcnsche des Partners wahrzunehmen<\/li>\n<li>Entt\u00e4uschungen und \u00c4ngste anzusprechen<\/li>\n<li>\u00c4rger ad\u00e4quat auszudr\u00fccken<\/li>\n<li>unangemessene <a title=\"Erwartungen an den Partner\" href=\"http:\/\/www.partnerschaft-beziehung.de\/erwartungen.html\">Erwartungen<\/a> an die Partnerschaft zu erkennen<\/li>\n<li><a title=\"Missverst\u00e4ndnisse in der Partnerschaft\" href=\"http:\/\/www.partnerschaft-beziehung.de\/missverstaendnisse.html\">Missverst\u00e4ndnisse<\/a> und Vorurteile auszur\u00e4umen<\/li>\n<\/ul>\n<p>&nbsp;<\/p>\n<div class=\"Vorlage_Zitat\">\n<div>\n<blockquote><p>\u201eIch glaube daran, dass das gr\u00f6\u00dfte Geschenk, das ich von jemandem empfangen kann, ist, gesehen, geh\u00f6rt, verstanden und ber\u00fchrt zu werden. Das gr\u00f6\u00dfte Geschenk, das ich geben kann, ist, den anderen zu sehen, zu h\u00f6ren, zu verstehen und zu ber\u00fchren. Wenn dies geschieht, entsteht Beziehung\u201c<\/p><\/blockquote>\n<\/div>\n<div>\u2013 <span class=\"Person\">Virginia Satir<\/span><\/div>\n<\/div>\n<p>&nbsp;<\/p>\n<p>&nbsp;<\/p>\n<p><strong>\u00a0SYSTEMISCHE THERAPIE:<\/strong><\/p>\n<p>Unsere k\u00f6rperliche und seelische Befindlichkeit, unser Denken und Handeln im famili\u00e4ren, beruflichen und sozialen Umfeld ist mit den Strukturen unserer Herkunftsfamilie verkn\u00fcpft.<br \/>\nWir scheinen unser Leben unabh\u00e4ngig und frei zu gestalten, sind aber h\u00e4ufig unbewusst in alte Muster, Pr\u00e4gungen oder Schicksale verstrickt.<\/p>\n<p>Diese Verstrickungen \u00e4u\u00dfern sich im Alltag z.B durch Hindernisse oder Beschwerden, die wir mit klassischen Mitteln und Methoden nicht beseitigen k\u00f6nnen.<br \/>\nSo k\u00e4mpfen wir oftmals gegen \u201eWindm\u00fchlen\u201c- ohne Aussicht auf Erleichterung.<br \/>\nIn der systemischen Arbeit geht es nicht um Schuldzuweisungen, auch nicht um Richtig oder Falsch.<br \/>\nEs werden immer wiederkehrende Muster aufgedeckt, wir erhalten Antworten auf Fragen und gelangen zu den \u201eUr\u201c- Sachen der k\u00f6rperlichen und seelischen Beschwerden.<br \/>\nDie Erleichterung ist gro\u00df, wenn man Einblicke und Erkenntnisse gewonnen hat, mit denen wir das unbewusste \u201eErbe\u201c bearbeiten und l\u00f6sen k\u00f6nnen.<\/p>\n<p>Dadurch wird der Weg wieder frei f\u00fcr eine unabh\u00e4ngige und freie Lebensgestaltung.<\/p>\n<p><span style=\"color: #003300;\"><em><strong>Niemand ist alleine krank&#8230;<\/strong><\/em><\/span><\/p>\n<p>In der systemischen Therapie betrachten wir den Menschen nicht isoliert, sondern im Zusammenhang mit seinem Bezugssystem.<\/p>\n<p>Wir alle haben eine Familie, aus der wir stammen und mit der wir unab\u00e4nderlich verbunden sind. Dieses Familiensystem mit seinen Werten, Rollen, Regeln, Sprach- und Interaktionsmustern pr\u00e4gt uns. Es wirkt in unserer Wahrnehmung und unserem Handeln, auf unsere Beziehungen, unsere Gesundheit und unseren Lebensweg.<\/p>\n<p>Schon in unserer fr\u00fchesten Kindheit entwickeln wir Muster, \u00dcberlebensstrategien und Sichtweisen, die uns zun\u00e4chst das \u00dcber &#8211; Leben erm\u00f6glichen. Genau diese Verhaltensweisen sind es, die uns sp\u00e4ter an unserem Lebensgl\u00fcck hindern und uns davon abhalten, unsere Identit\u00e4t, unsere Kraft und unsere W\u00fcrde zu finden.<\/p>\n<p>Dieses \u201eErbe\u201c tragen wir in andere Systeme (Paar-, Familien-, Teamsysteme usw.) hinein.<\/p>\n<p>Der therapeutische Rahmen erm\u00f6glicht es Ihnen, zu neuen Erfahrungen und Sichtweisen zu finden.\u00a0Sie haben die M\u00f6glichkeit St\u00f6rungen\u00a0in allen Lebensbereichen aufzul\u00f6sen.\u00a0Der Schwerpunkt\u00a0 im Therapieprozess richtet sich je nach Anliegen und Problematik auf das Hier und Jetzt, auf die biographische Entwicklung oder auf die Bedeutung der Herkunftsfamilie.<\/p>\n<p>Es steht uns eine gro\u00dfe Zahl an systemischen Methoden zur Verf\u00fcgung, um Zugang zu den Mustern zu bekommen, die die Probleme aufrecht erhalten. Mit dem Blick auf das gro\u00dfe Ganze wird Ver\u00e4nderung m\u00f6glich. Sie kommen wieder in Ihre Kraft und gewinnen Ihre Handlungsf\u00e4higkeit zur\u00fcck.<\/p>\n<p>In der systemischen Therapie werden die Anzahl, H\u00e4ufigkeit und Besetzung der Sitzungen auf Ihre pers\u00f6nlichen Gegebenheiten abgestimmt und mit Ihnen zusammen festgelegt.<\/p>\n<p>Wenn Sie unsicher sind, wer zum Gespr\u00e4ch kommen sollte oder inwiefern diese Therapieform f\u00fcr Sie geeignet ist, nehmen Sie Kontakt mit mir auf.<br \/>\nIch berate Sie gerne.<\/p>\n<p>Neben der therapeutischen Einzelsitzung\u00a0und dem Familienstellen biete ich auch\u00a0Begleitung und Unterst\u00fctzung f\u00fcr Paare\u00a0an.<\/p>\n<p><b><span style=\"color: #003300;\">Systemische Paartherapie<\/span><br \/>\n<\/b><br \/>\nEine gesunde und tragf\u00e4hige Paarbeziehung zu schaffen, ist wohl eine der gr\u00f6\u00dften Herausforderungen in unserem Da-Sein. Im gemeinsamen therapeutischen Prozess geht es mir um die Bearbeitung der Beziehung zwischen den Partnern, an deren Gestaltung und eben auch Ver\u00e4nderung beide Partner gleicherma\u00dfen beteiligt sind. Ich schaue gemeinsam mit dem Paar, auf welchen Ebenen die aktuelle Krise so zu sagen \u201eSinn\u201c macht, d.h.: Auf welche ungekl\u00e4rten Themen, die nach Ver\u00e4nderung nach einem n\u00e4chsten Entwicklungsschritt dr\u00e4ngen, deutet diese Krise hin?<\/p>\n<ul>\n<li>Gibt es \u00fcberm\u00e4\u00dfige Belastungen, die das Paar zu tragen hat?<br \/>\nWie geschieht das und was bedeutet dies f\u00fcr den Beziehungsalltag?<\/li>\n<li>Gibt es eine eigenst\u00e4ndige Paarebene innerhalb der Familie und wie wird sie von beiden Partnern gestaltet?<\/li>\n<li>Werden in der Krise Themen aus der eigenen Biographie der beiden Partner aktiviert, die noch unverarbeitet die Paarbeziehung belasten?<\/li>\n<li>Wie stehen beide Partner zueinander, was erwarten sie voneinander?<\/li>\n<li>Gibt es noch gemeinsame Visionen?<\/li>\n<\/ul>\n<p>Gemeinsam\u00a0richten wir den Blick auch auf das\u00a0Gute,\u00a0das in der Paarbeziehung geschaffen wurde, so dass eine Basis entsteht,\u00a0in der\u00a0neue Einsichten in innere Zusammenh\u00e4nge\u00a0ihren Platz bekommen\u00a0und anstehende Ver\u00e4nderungsprozesse eingeleitet werden k\u00f6nnen.<\/p>\n<p>Ich\u00a0betrachte\u00a0pers\u00f6nliche Krisen immer als\u00a0eine Chance zu innerem Wachstum, sowohl f\u00fcr den Einzelnen, als auch f\u00fcr das Paar.<\/p>\n<p>Stellt sich im therapeutischen Paarprozess heraus, dass das Paar keine gemeinsamen<br \/>\nEntwicklungsspielr\u00e4ume mehr hat, dass die Beziehung zu Ende ist, unterst\u00fctze ich es dabei, gemeinsam konstruktiv Bilanz zu ziehen und\u00a0(vor allem, wenn Kinder beteiligt sind) einen fairen und f\u00fcr alle Beteiligten lebbaren Trennungsprozess zu gestalten.<\/p>\n<p>Ich biete Ihnen einen gesch\u00fctzten Rahmen an, und trage Sorge daf\u00fcr, dass darin Schwieriges und Pers\u00f6nliches auf konstruktive Weise ausgesprochen und behandelt werden kann.<\/p>\n<p style=\"text-align: center;\"><b><br \/>\n<span style=\"color: #003300;\">Therapieangebote:<\/span><\/b><\/p>\n<p style=\"text-align: center;\"><b><br \/>\n<\/b>&#8211; Einzel-, Gruppen-\u00a0und Paartherapie<\/p>\n<p style=\"text-align: center;\">&#8211;\u00a0L\u00f6sungsorientierte Beratung<\/p>\n<p style=\"text-align: center;\">&#8211; Elternberatung<\/p>\n<p style=\"text-align: center;\">&#8211; Systemische Familienaufstellung<\/p>\n<p>&nbsp;<\/p>\n<p style=\"text-align: center;\">\u00a0<a href=\"http:\/\/psychotherapie-rheingau.com\/wp-content\/uploads\/2014\/01\/Brettaufstellung-Lassahn.jpg\"><img decoding=\"async\" loading=\"lazy\" class=\"alignnone size-medium wp-image-384\" src=\"http:\/\/psychotherapie-rheingau.com\/wp-content\/uploads\/2014\/01\/Brettaufstellung-Lassahn-300x92.jpg\" alt=\"Brettaufstellung Lassahn\" width=\"300\" height=\"92\" srcset=\"http:\/\/psychotherapie-rheingau.com\/wp-content\/uploads\/2014\/01\/Brettaufstellung-Lassahn-300x92.jpg 300w, http:\/\/psychotherapie-rheingau.com\/wp-content\/uploads\/2014\/01\/Brettaufstellung-Lassahn-624x192.jpg 624w, http:\/\/psychotherapie-rheingau.com\/wp-content\/uploads\/2014\/01\/Brettaufstellung-Lassahn.jpg 696w\" sizes=\"(max-width: 300px) 100vw, 300px\" \/><\/a><\/p>\n<p>&nbsp;<\/p>\n<p><span style=\"color: #000000;\"><em><strong>Anke Lassahn<\/strong><\/em><\/span><\/p>\n<p>Psychologische Beraterin \/ Systemtherapeutin \/ Coach<br \/>\nSystemtherapie \/ Psychotherapie im Rheingau (HeilPG)<br \/>\nGespr\u00e4chstherapeutin \/ Dozentin Heikpraktiker Psychotherapie<\/p>\n<p>Langenhoffstr. 11<br \/>\n65375 Oestrich-Winkel<\/p>\n<p>Tel. 06723-80 49 208<\/p>\n<p><b>Rheingau \/ Rheingau-Taunus \/ Mainz \/ Bingen \/ Wiesbaden<br \/>\n<\/b><\/p>\n","protected":false},"excerpt":{"rendered":"<p>Ich stehe vor dir &#8211; doch Du siehst mich nicht&#8230; Ich rede mit dir &#8211; doch Du h\u00f6rst mich nicht&#8230; Ich ber\u00fchre dich &#8211; doch Du sp\u00fcrst mich nicht&#8230; \u00a0(Zitat: A. Lassahn) &nbsp; Gehen oder bleiben? Was ist \u00fcbrig geblieben von der Beziehung? Das Bauchgef\u00fchl sagt: &#8220;geh&#8221; und der Verstand sagt: &#8220;bleib&#8221; Wie tief sind [&hellip;]<\/p>\n","protected":false},"author":2,"featured_media":0,"parent":0,"menu_order":0,"comment_status":"open","ping_status":"open","template":"","meta":{"_bbp_topic_count":0,"_bbp_reply_count":0,"_bbp_total_topic_count":0,"_bbp_total_reply_count":0,"_bbp_voice_count":0,"_bbp_anonymous_reply_count":0,"_bbp_topic_count_hidden":0,"_bbp_reply_count_hidden":0,"_bbp_forum_subforum_count":0},"_links":{"self":[{"href":"http:\/\/psychotherapie-rheingau.com\/index.php?rest_route=\/wp\/v2\/pages\/58"}],"collection":[{"href":"http:\/\/psychotherapie-rheingau.com\/index.php?rest_route=\/wp\/v2\/pages"}],"about":[{"href":"http:\/\/psychotherapie-rheingau.com\/index.php?rest_route=\/wp\/v2\/types\/page"}],"author":[{"embeddable":true,"href":"http:\/\/psychotherapie-rheingau.com\/index.php?rest_route=\/wp\/v2\/users\/2"}],"replies":[{"embeddable":true,"href":"http:\/\/psychotherapie-rheingau.com\/index.php?rest_route=%2Fwp%2Fv2%2Fcomments&post=58"}],"version-history":[{"count":54,"href":"http:\/\/psychotherapie-rheingau.com\/index.php?rest_route=\/wp\/v2\/pages\/58\/revisions"}],"predecessor-version":[{"id":1646,"href":"http:\/\/psychotherapie-rheingau.com\/index.php?rest_route=\/wp\/v2\/pages\/58\/revisions\/1646"}],"wp:attachment":[{"href":"http:\/\/psychotherapie-rheingau.com\/index.php?rest_route=%2Fwp%2Fv2%2Fmedia&parent=58"}],"curies":[{"name":"wp","href":"https:\/\/api.w.org\/{rel}","templated":true}]}}