{"id":604,"date":"2014-07-30T13:26:16","date_gmt":"2014-07-30T11:26:16","guid":{"rendered":"http:\/\/psychotherapie-rheingau.com\/?page_id=604"},"modified":"2017-04-07T12:22:29","modified_gmt":"2017-04-07T10:22:29","slug":"anfahrt-zu-meiner-praxis","status":"publish","type":"page","link":"http:\/\/psychotherapie-rheingau.com\/?page_id=604","title":{"rendered":"ANFAHRT"},"content":{"rendered":"<h1><span style=\"color: #000080;\"><strong><a style=\"color: #000080;\" href=\"http:\/\/psychotherapie-rheingau.com\/wp-content\/uploads\/2014\/01\/Image0001.jpg\">Anfahrt \u00fcber die B42<\/a><\/strong><\/span><\/h1>\n<p>Langenhoffstr. 11<br \/>\n65375 Oestrich-Winkel<\/p>\n<p>Telefonnummer: 06723-8049208<br \/>\nE-Mail-Adresse: ankelassahn@gmx.de<\/p>\n<p><strong>auf die Rheingaustrasse (alte B42), am Friedensplatz abbiegen Richtung M\u00fchlstrasse,<\/strong><\/p>\n<p><strong>links in die Dr. Rody-Strasse, wieder links in die Langenhoffstrasse Nr. 11<\/strong><\/p>\n<p>Parkpl\u00e4tze vor der T\u00fcr<\/p>\n<p>&nbsp;<\/p>\n<p><a href=\"http:\/\/psychotherapie-rheingau.com\/wp-content\/uploads\/2014\/01\/Image0001.jpg\"><img decoding=\"async\" loading=\"lazy\" class=\"aligncenter size-large wp-image-601\" src=\"http:\/\/psychotherapie-rheingau.com\/wp-content\/uploads\/2014\/01\/Image0001-1012x1024.jpg\" alt=\"Image0001\" width=\"625\" height=\"632\" srcset=\"http:\/\/psychotherapie-rheingau.com\/wp-content\/uploads\/2014\/01\/Image0001-1012x1024.jpg 1012w, http:\/\/psychotherapie-rheingau.com\/wp-content\/uploads\/2014\/01\/Image0001-296x300.jpg 296w, http:\/\/psychotherapie-rheingau.com\/wp-content\/uploads\/2014\/01\/Image0001-624x631.jpg 624w, http:\/\/psychotherapie-rheingau.com\/wp-content\/uploads\/2014\/01\/Image0001.jpg 1692w\" sizes=\"(max-width: 625px) 100vw, 625px\" \/><\/a><\/p>\n<h2><span style=\"text-decoration: underline; color: #000080;\"><strong>Mit \u00f6ffentlichen Verkehrsmitteln:<\/strong><\/span>\u00a0 Aus Richtung Wiesbaden oder R\u00fcdesheim Buslinie 171:\u00a0 aussteigen am Friedensplatz, dann am Friedensplatz die Stra\u00dfe hoch, links in die Schmalgasse, dann rechts in die Langenhoffstrasse.<\/h2>\n<p>Ich biete auch <strong>Hausbesuche<\/strong> an.<\/p>\n<p>Kosten pro km\/lt. google Maps \u20ac 0,50<\/p>\n<p>&nbsp;<\/p>\n<h1><em>Porta Patet, cor magis<\/em><\/h1>\n<p>Die T\u00fcre steht offen &#8230; mehr noch das Herz&#8230;<\/p>\n<p>&nbsp;<\/p>\n<p><a href=\"https:\/\/plus.google.com\/108763871929768702013\" rel=\"publisher\">Google+<\/a><\/p>\n<p>&nbsp;<\/p>\n<p><span style=\"color: #800000;\"><strong>Oestrich-Winkel ist mit der Linie 171 oder mit der DB gut zu erreichen und ist<br \/>\nca. 14 km (mit dem Kfz. \u00fcber die A66 bzw. B42) von Wiesbaden entfernt.<br \/>\nIngelheim und Bingen sind direkt gegen\u00fcber und mit der F\u00e4hre ebenfalls<br \/>\nschnell zu erreichen (ca. 15 Min. Fu\u00dfweg). <\/strong><\/span><\/p>\n","protected":false},"excerpt":{"rendered":"<p>Anfahrt \u00fcber die B42 Langenhoffstr. 11 65375 Oestrich-Winkel Telefonnummer: 06723-8049208 E-Mail-Adresse: ankelassahn@gmx.de auf die Rheingaustrasse (alte B42), am Friedensplatz abbiegen Richtung M\u00fchlstrasse, links in die Dr. Rody-Strasse, wieder links in die Langenhoffstrasse Nr. 11 Parkpl\u00e4tze vor der T\u00fcr &nbsp; Mit \u00f6ffentlichen Verkehrsmitteln:\u00a0 Aus Richtung Wiesbaden oder R\u00fcdesheim Buslinie 171:\u00a0 aussteigen am Friedensplatz, dann am Friedensplatz [&hellip;]<\/p>\n","protected":false},"author":2,"featured_media":0,"parent":0,"menu_order":0,"comment_status":"open","ping_status":"open","template":"","meta":{"_bbp_topic_count":0,"_bbp_reply_count":0,"_bbp_total_topic_count":0,"_bbp_total_reply_count":0,"_bbp_voice_count":0,"_bbp_anonymous_reply_count":0,"_bbp_topic_count_hidden":0,"_bbp_reply_count_hidden":0,"_bbp_forum_subforum_count":0},"_links":{"self":[{"href":"http:\/\/psychotherapie-rheingau.com\/index.php?rest_route=\/wp\/v2\/pages\/604"}],"collection":[{"href":"http:\/\/psychotherapie-rheingau.com\/index.php?rest_route=\/wp\/v2\/pages"}],"about":[{"href":"http:\/\/psychotherapie-rheingau.com\/index.php?rest_route=\/wp\/v2\/types\/page"}],"author":[{"embeddable":true,"href":"http:\/\/psychotherapie-rheingau.com\/index.php?rest_route=\/wp\/v2\/users\/2"}],"replies":[{"embeddable":true,"href":"http:\/\/psychotherapie-rheingau.com\/index.php?rest_route=%2Fwp%2Fv2%2Fcomments&post=604"}],"version-history":[{"count":18,"href":"http:\/\/psychotherapie-rheingau.com\/index.php?rest_route=\/wp\/v2\/pages\/604\/revisions"}],"predecessor-version":[{"id":1408,"href":"http:\/\/psychotherapie-rheingau.com\/index.php?rest_route=\/wp\/v2\/pages\/604\/revisions\/1408"}],"wp:attachment":[{"href":"http:\/\/psychotherapie-rheingau.com\/index.php?rest_route=%2Fwp%2Fv2%2Fmedia&parent=604"}],"curies":[{"name":"wp","href":"https:\/\/api.w.org\/{rel}","templated":true}]}}