{"id":618,"date":"2014-08-04T08:47:18","date_gmt":"2014-08-04T06:47:18","guid":{"rendered":"http:\/\/psychotherapie-rheingau.com\/?page_id=618"},"modified":"2015-06-26T11:03:00","modified_gmt":"2015-06-26T09:03:00","slug":"systemische-therapie","status":"publish","type":"page","link":"http:\/\/psychotherapie-rheingau.com\/?page_id=618","title":{"rendered":"SYSTEMISCHE THERAPIE"},"content":{"rendered":"<div class=\"paragraph\">\n<h2 style=\"text-align: justify;\"><b>Was ist systemische Therapie?<\/b><\/h2>\n<p>Die systemische Therapie ist ein wissenschaftlich anerkanntes Verfahren. In der systemischen Therapie wird der Klient immer im Zusammenhang mit einem System gesehen. Jede(r) ist Teil eines Systems und steht oder stand mit diesem in Verbindung \u2013 sei es die Herkunftsfamilie oder die Firma. Und immer wird unser Denken, Handeln, F\u00fchlen und manchmal eben auch Leiden durch vergangene und\/oder gegenw\u00e4rtige Beziehungen und Erfahrungen in diesem System bestimmt. Auch Depressionen \/ Burnout\u00a0 k\u00f6nnen hier gut erkannt und zugeordnet werden.<\/p>\n<p>Systemische Therapeuten arbeiten wie alle Psychotherapeuten mit verschiedenen Mitteln der Kommunikation. Dazu geh\u00f6rt in erster Linie das Gespr\u00e4ch. Die Wertsch\u00e4tzung des Klienten und die Empathie (Einf\u00fchlungsverm\u00f6gen) f\u00fcr ihn und seine Situation geh\u00f6ren zu den Grundvoraussetzungen (klientenzentrierte Gespr\u00e4chstherapie).<\/p>\n<p>Im Therapiegespr\u00e4ch er\u00f6ffnen sich neue Erkenntnisse, eigene St\u00e4rken und F\u00e4higkeiten werden entdeckt und f\u00fchren durch eine manchmal sogar unbewusste Verhaltens\u00e4nderung zur Linderung und im Idealfall zum Verschwinden des Leidensdrucks <strong>(was sich im Inneren ver\u00e4ndert, ver\u00e4ndert sich auch im Au\u00dfen)<\/strong>.<\/p>\n<p><strong><span style=\"color: #800000;\">Krankheitssymptome ohne organische Ursachen, \u00c4ngste, Schlafst\u00f6rungen usw. sind oft nur Alarmzeichen des K\u00f6rpers, der auf die N\u00f6te der Seele aufmerksam machen will.<\/span><\/strong><\/p>\n<p>&nbsp;<\/p>\n<\/div>\n<p><b>Wie lange dauert eine systemisch orientierte Therapie?<\/b><\/p>\n<p>Oft zeichnen sich bei einer systemisch orientierten Psychotherapie schon in den ersten Sitzungen L\u00f6sungsm\u00f6glichkeiten ab, so dass eine l\u00e4ngere Therapie gar nicht notwendig ist und somit eine psychologische Beratung v\u00f6llig ausreicht.<\/p>\n<p>Beratung und Psychotherapie haben flie\u00dfende \u00dcberg\u00e4nge. Im Durchschnitt werden bei einer systemisch orientierten Psychotherapie etwa 10 bis 12 Sitzungen vereinbart, die mindestens eine Stunde dauern.<\/p>\n","protected":false},"excerpt":{"rendered":"<p>Was ist systemische Therapie? Die systemische Therapie ist ein wissenschaftlich anerkanntes Verfahren. In der systemischen Therapie wird der Klient immer im Zusammenhang mit einem System gesehen. Jede(r) ist Teil eines Systems und steht oder stand mit diesem in Verbindung \u2013 sei es die Herkunftsfamilie oder die Firma. Und immer wird unser Denken, Handeln, F\u00fchlen und [&hellip;]<\/p>\n","protected":false},"author":2,"featured_media":0,"parent":0,"menu_order":0,"comment_status":"open","ping_status":"open","template":"","meta":{"_bbp_topic_count":0,"_bbp_reply_count":0,"_bbp_total_topic_count":0,"_bbp_total_reply_count":0,"_bbp_voice_count":0,"_bbp_anonymous_reply_count":0,"_bbp_topic_count_hidden":0,"_bbp_reply_count_hidden":0,"_bbp_forum_subforum_count":0},"_links":{"self":[{"href":"http:\/\/psychotherapie-rheingau.com\/index.php?rest_route=\/wp\/v2\/pages\/618"}],"collection":[{"href":"http:\/\/psychotherapie-rheingau.com\/index.php?rest_route=\/wp\/v2\/pages"}],"about":[{"href":"http:\/\/psychotherapie-rheingau.com\/index.php?rest_route=\/wp\/v2\/types\/page"}],"author":[{"embeddable":true,"href":"http:\/\/psychotherapie-rheingau.com\/index.php?rest_route=\/wp\/v2\/users\/2"}],"replies":[{"embeddable":true,"href":"http:\/\/psychotherapie-rheingau.com\/index.php?rest_route=%2Fwp%2Fv2%2Fcomments&post=618"}],"version-history":[{"count":8,"href":"http:\/\/psychotherapie-rheingau.com\/index.php?rest_route=\/wp\/v2\/pages\/618\/revisions"}],"predecessor-version":[{"id":1083,"href":"http:\/\/psychotherapie-rheingau.com\/index.php?rest_route=\/wp\/v2\/pages\/618\/revisions\/1083"}],"wp:attachment":[{"href":"http:\/\/psychotherapie-rheingau.com\/index.php?rest_route=%2Fwp%2Fv2%2Fmedia&parent=618"}],"curies":[{"name":"wp","href":"https:\/\/api.w.org\/{rel}","templated":true}]}}