{"id":66,"date":"2014-01-22T13:16:31","date_gmt":"2014-01-22T11:16:31","guid":{"rendered":"http:\/\/psychotherapie-rheingau.com\/?page_id=66"},"modified":"2015-10-13T15:02:09","modified_gmt":"2015-10-13T13:02:09","slug":"agb","status":"publish","type":"page","link":"http:\/\/psychotherapie-rheingau.com\/?page_id=66","title":{"rendered":"Zur AGB"},"content":{"rendered":"<p><a href=\"https:\/\/plus.google.com\/108763871929768702013\" rel=\"publisher\">Google+<\/a><\/p>\n<div id=\"cc-matrix-1285536510\">\n<div id=\"cc-m-5751055610\">\n<h2>AGB<\/h2>\n<p>Allgemeine Gesch\u00e4ftsbedingungen f\u00fcr Heilpraktiker beschr\u00e4nkt auf das Gebiet der Psychotherapie<\/p>\n<p><strong>\u00a7 1 Anwendung der Allgemeinen Gesch\u00e4ftsbedingungen<\/strong><\/p>\n<p>1.<br \/>\nDie Allgemeinen Gesch\u00e4ftsbedingungen regeln die Gesch\u00e4ftsbedingungen zwischen Heilpraktiker f\u00fcr Psychotherapie und Klienten als Behandlungsvertrag im Sinne der \u00a7\u00a7 611 ff BGB soweit zwischen den Vertragsparteien nichts Abweichendes schriftlich vereinbart wurde.<br \/>\n2.<br \/>\nDer Behandlungsvertrag kommt zustande, wenn der Klient das generelle Angebot des Heilpraktiker f\u00fcr Psychotherapie, die Heilkunde f\u00fcr jedermann auszu\u00fcben, annimmt und sich an den Heilpraktiker f\u00fcr Psychotherapie zum Zwecke der Beratung, Diagnose und Therapie wendet.<br \/>\n3.<br \/>\nDer Heilpraktiker f\u00fcr Psychotherapie ist berechtigt einen Behandlungsvertrag ohne Angaben von Gr\u00fcnden abzulehnen, wenn das erforderliche Vertrauensverh\u00e4ltnis nicht erwartet werden kann, wenn der Heilpraktiker f\u00fcr Psychotherapie aufgrund seiner Spezialisierung oder aus gesetzlichen Gr\u00fcnden nicht behandeln kann oder darf, oder wenn es Gr\u00fcnde gibt, die ihn in Gewissenskonflikte bringen k\u00f6nnten. In diesem Fall bleibt der Honoraranspruch des Heilpraktiker f\u00fcr Psychotherapies f\u00fcr die bis zur Ablehnung der Behandlung entstandenen Leistungen, inklusive Behandlung erhalten.<\/p>\n<p><strong>\u00a7 2 Inhalt des Behandlungsvertrages<\/strong><\/p>\n<p>1.<br \/>\nDer Heilpraktiker f\u00fcr Psychotherapie erbringt seine Dienste gegen\u00fcber dem Klienten in der Form, dass er seine Kenntnisse und F\u00e4higkeiten zwecks Aus\u00fcbung der Heilkunde zur Aufkl\u00e4rung, Beratung, Diagnose und Therapie des Klienten anwendet.<br \/>\n2.<br \/>\nDer Heilpraktiker f\u00fcr Psychotherapie ist berechtigt, die Methoden anzuwenden, die dem mutma\u00dflichen Klientenwillen entsprechen, sofern der Klient hier\u00fcber keine Entscheidung trifft.<br \/>\n3.<br \/>\nEs werden vom Heilpraktiker f\u00fcr Psychotherapie Methoden angewendet, die in der Regel schulmedizinisch nicht anerkannt und auch nicht allgemein erkl\u00e4rbar sind. Ein subjektiv erwarteter Erfolg des Klienten kann nicht in Aussicht gestellt oder garantiert werden. Soweit der Klient die Anwendung derartiger Methoden ablehnt und ausschlie\u00dflich nach wissenschaftlich anerkannten Methoden beraten, diagnostiziert oder therapiert werden will, hat er das dem Heilpraktiker f\u00fcr Psychotherapie gegen\u00fcber zu erkl\u00e4ren.<br \/>\n4.<br \/>\nDer Heilpraktiker f\u00fcr Psychotherapie darf keine Krankschreibungen vornehmen, und er darf keine verschreibungspflichtigen Medikamente verordnen.<\/p>\n<p><strong>\u00a7 3 Mitwirkung des Klienten<\/strong><\/p>\n<p>Zu einer aktiven Mitwirkung ist der Klient nicht verpflichtet. Der Heilpraktiker f\u00fcr Psychotherapie ist aber in dem Fall berechtigt, die Behandlung zu beenden, wenn das Vertrauen nicht mehr gegeben ist, insbesondere wenn der Klient die Beratungsinhalte verneint, erforderliche Anamnese- oder Diagnoseausk\u00fcnfte nicht erteilt und damit die Therapiema\u00dfnahmen verhindert.<\/p>\n<p><strong>\u00a7 4 Honorierung des Heilpraktiker f\u00fcr Psychotherapies<\/strong><\/p>\n<p>1.<br \/>\nDer Heilpraktiker f\u00fcr Psychotherapie hat f\u00fcr seine Dienste einen Honoraranspruch. Wenn die Honorare nicht individuell zwischen Heilpraktiker f\u00fcr Psychotherapie und Klient vereinbart worden sind, gelten die S\u00e4tze, die in der Preisliste des Heilpraktiker f\u00fcr Psychotherapies aufgef\u00fchrt sind. Alle anderen Geb\u00fchrenordnungen oder \u2013Verzeichnisse gelten nicht.<br \/>\n2.<br \/>\nDie Honorare sind nach jeder Behandlung vom Klienten bar gegen Erhalt einer Quittung zu bezahlen. Nach Abschluss der Behandlung erh\u00e4lt der Klient auf Wunsch eine geb\u00fchrenpflichtige Rechnung gem\u00e4\u00df \u00a7 7 der Allgemeinen Gesch\u00e4ftsbedingungen.<br \/>\n3.<br \/>\nVermittelt der Heilpraktiker f\u00fcr Psychotherapie Leistungen Dritter, die er nicht fachlich \u00fcberwacht (z.B. Laborleistungen) ist der Heilpraktiker f\u00fcr Psychotherapie berechtigt, die von dem Dritten in Rechnung gestellten Betr\u00e4ge als eigene Honorarbestandteile geltend zu machen und mit dem Klienten in der voraussichtlichen H\u00f6he gem\u00e4\u00df Absatz 2. abzurechnen. In Quittungen und Rechnungen sind diese Betr\u00e4ge gesondert auszuweisen. Der Heilpraktiker f\u00fcr Psychotherapie ist berechtigt f\u00fcr die Vermittlung begleitender Leistungen beim Klienten eigene Honorare geltend zu machen.<br \/>\n4.<br \/>\nL\u00e4sst der Heilpraktiker f\u00fcr Psychotherapie Leistungen durch Dritte erbringen, die er selbst \u00fcberwacht, sind diese Leistungen Bestandteil der Honorare des Heilpraktiker f\u00fcr Psychotherapies. Soweit hier keine Inklusiv-Vereinbarung getroffen ist, werden diese Kosten in Rechnung gestellt.<br \/>\n5.<br \/>\nIn den F\u00e4llen der Abs\u00e4tze 3. und 4. ist der Heilpraktiker f\u00fcr Psychotherapie von den Beschr\u00e4nkungen des \u00a7 181 BGB befreit und darf als Beauftragter des Klienten zwischen dem Dritten (z. B. Labor) und sich selbst Rechtsgesch\u00e4fte abschlie\u00dfen. Dies gilt auch dann, wenn \u00a7 181 BGB auch auf die Rechtsbeziehung zwischen Heilpraktiker f\u00fcr Psychotherapie und Dritten anzuwenden w\u00e4re; unabh\u00e4ngig von einem diesbez\u00fcglichen Befreiungstatbestand.<br \/>\n6.<br \/>\nAufgrund gesetzlicher Vorschriften ist die Abgabe von apothekenpflichtigen Arzneimitteln Heilpraktiker f\u00fcr Psychotherapien nicht gestattet.<br \/>\n7.<br \/>\nDahingegen stellt die Abgabe von Arzneimitteln durch Apotheken an den Klienten f\u00fcr empfohlene Arzneimittel ein nicht durch diese Allgemeinen Gesch\u00e4ftsbedingungen erfasstes Direktgesch\u00e4ft dar, das auf die Honorar- und Rechnungsgestaltung des Heilpraktiker f\u00fcr Psychotherapies keinen Einfluss hat. Dies gilt auch f\u00fcr freiverk\u00e4ufliche Arzneimittel, Nahrungserg\u00e4nzungsmittel und andere Hilfsmittel, die vom Heilpraktiker f\u00fcr Psychotherapie empfohlen oder verordnet und vom Klienten in einschl\u00e4gigen Verkaufsstellen bezogen werden.<br \/>\n8.<br \/>\nDie Abgabe von freiverk\u00e4uflichen Arzneimitteln, Nahrungserg\u00e4nzungsmitteln und anderen Hilfsmitteln ist dem Heilpraktiker f\u00fcr Psychotherapie oder mit ihm wirtschaftlich verbundenen Unternehmen gestattet. Unter der Pr\u00e4misse der freien Wahl der Verkaufsstelle k\u00f6nnen diese Produkte vom Heilpraktiker f\u00fcr Psychotherapie in einer Gewinnerzielungsabsicht verkauft oder gegen Provision vermittelt werden.<\/p>\n<p><strong>\u00a7 5 Honorarerstattung durch Dritte<\/strong><\/p>\n<p>1.<br \/>\nSoweit der Klient Anspruch auf Erstattung oder Teilerstattung des Honorars durch Dritte hat oder zu haben glaubt, wird \u00a7 4 hiervon nicht ber\u00fchrt. Der Heilpraktiker f\u00fcr Psychotherapie f\u00fchrt eine Direktabrechnung nicht durch und kann auch das Honorar oder Honoraranteile in Erwartung einer m\u00f6glichen Erstattung nicht stunden.<br \/>\n2.<br \/>\nSoweit der Heilpraktiker f\u00fcr Psychotherapie den Klienten \u00fcber die Erstattungspraxis Dritter Angaben macht, sind diese unverbindlich. Insbesondere gelten die \u00fcblichen Erstattungss\u00e4tze nicht als vereinbartes Honorar im Sinne des \u00a7 4 Absatz 1. Der Umfang der Heilpraktiker f\u00fcr Psychotherapieleistungen beschr\u00e4nkt sich nicht auf erstattungsf\u00e4hige Leistungen.<br \/>\n3.<br \/>\nDer Heilpraktiker f\u00fcr Psychotherapie erteilt in Erstattungsfragen dem Dritten keine direkten Ausk\u00fcnfte. Alle Ausk\u00fcnfte und notwendigen Bescheinigungen erh\u00e4lt ausschlie\u00dflich der Klient. Derartige Leistungen sind honorarpflichtig.<\/p>\n<p><strong>\u00a7 6 Vertraulichkeit der Behandlung<\/strong><\/p>\n<p>1.<br \/>\nDer Heilpraktiker f\u00fcr Psychotherapie behandelt die Klientendaten vertraulich und erteilt bez\u00fcglich der Diagnose, der Beratungen und der Therapie sowie deren Begleitumst\u00e4nde und den pers\u00f6nlichen Verh\u00e4ltnissen des Klienten Ausk\u00fcnfte nur mit ausdr\u00fccklicher Zustimmung des Klienten. Auf die Schriftform kann verzichtet werden, wenn die Auskunft im Interesse des Klienten erfolgt und anzunehmen ist, dass der Klient zustimmen wird.<br \/>\n2.<br \/>\nAbsatz 1. ist nicht anzuwenden, wenn der Heilpraktiker f\u00fcr Psychotherapie aufgrund gesetzlicher Vorschriften zur Weitergabe der Daten verpflichtet ist \u2013 beispielsweise Meldepflicht bei bestimmten Diagnosen \u2013 oder auf beh\u00f6rdliche oder gerichtliche Anordnung auskunftspflichtig ist. Dies gilt auch bei Ausk\u00fcnften an Personensorgeberechtigte, nicht aber f\u00fcr Ausk\u00fcnfte an Ehegatten, Verwandte oder Familien-angeh\u00f6rige. Absatz 1. ist ferner nicht anzuwenden, wenn in Zusammenhang mit der Beratung, Diagnose oder Therapie pers\u00f6nliche Angriffe gegen ihn oder seine Berufsaus\u00fcbung stattfinden, und er sich mit der Verwendung zutreffender Daten oder Tatsachen entlasten kann.<br \/>\n3.<br \/>\nDer Heilpraktiker f\u00fcr Psychotherapie f\u00fchrt Aufzeichnungen \u00fcber seine Leistungen (Handakte). Dem Klienten steht eine Einsicht in diese Handakte nicht zu; er kann diese Handakte auch nicht heraus verlangen. Absatz 2. bleibt unber\u00fchrt.<br \/>\n4.<br \/>\nSofern der Klient eine Behandlungs- oder Krankenakte verlangt, erstellt diese der Heilpraktiker f\u00fcr Psychotherapie kosten- und honorarpflichtig aus der Handakte. Soweit sich in der Handakte Originale befinden, werden diese in der Behandlungsakte in Kopie beigef\u00fcgt. Die Kopien erhalten einen Vermerk, dass sich die Originale in der Handakte befinden.<\/p>\n<p><strong>\u00a7 7 Rechnungsstellung<\/strong><\/p>\n<p>1.<br \/>\nNeben den Quittungen nach \u00a7 4 erh\u00e4lt der Klient nach Abschluss der Behandlungsphase auf Verlangen eine Rechnung.<br \/>\n2.<br \/>\nDie Rechnung enth\u00e4lt den Namen und die Anschrift des Klienten sowie den Behandlungszeitraum, alle Leistungs-arten und die Diagnosestellung.<br \/>\n3.<br \/>\nW\u00fcnscht der Klient keine Diagnose- oder Therapiespezifizierung in der Rechnung, hat er dem Heilpraktiker f\u00fcr Psychotherapie dies entsprechend mitzuteilen.<\/p>\n<p><strong>\u00a7 8 Meinungsverschiedenheiten<\/strong><\/p>\n<p>Meinungsverschiedenheiten aus dem Behandlungsvertrag und den Allgemeinen Gesch\u00e4ftsbedingungen sollten g\u00fctlich beigelegt werden. Hierzu empfiehlt es sich, Gegen-vorstellungen, abweichende Meinungen oder Beschwerden schriftlich der jeweils anderen Vertragspartei vorzulegen.<\/p>\n<p><strong>\u00a7 9 Salvatorische Klausel<\/strong><\/p>\n<p>Sollten einzelne Bestimmungen des Behandlungsvertrages oder der Allgemeinen Gesch\u00e4ftsbedingungen ung\u00fcltig oder nichtig sein oder werden, wird damit die Wirksamkeit des Behandlungsvertrages insgesamt nicht tangiert. Die ung\u00fcltige oder nichtige Bestimmung ist vielmehr in freier Auslegung durch eine Bestimmung zu ersetzen, die dem Vertragszweck oder dem Parteiwillen am n\u00e4chsten kommt.<br \/>\nMein Angebot richtet sich an Erwachsene.<\/p>\n<p>Bevor Sie mein Angebot in Anspruch nehmen, bitte ich Sie sorgf\u00e4ltig die ALLGEMEINEN GESCH\u00c4FTSBEDINGUNGEN zu lesen.<br \/>\n<strong>Terminvereinbarung<\/strong><\/p>\n<p>Termine sind nur nach vorheriger Absprache m\u00f6glich, das hei\u00dft, dass Sie keine Wartezeiten einkalkulieren m\u00fcssen.<br \/>\nF\u00fcr eine Terminvereinbarung rufen Sie mich einfach an oder hinterlassen Sie eine Nachricht auf dem Anrufbeantworter \u2013 ich rufe Sie dann umgehend zur\u00fcck.<\/p>\n<p><strong>Ablauf<\/strong><\/p>\n<p>Nach erfolgreicher Terminvereinbarung erfolgt in der Praxis ein ausf\u00fchrliches Aufnahmegespr\u00e4ch um Ihren momentanen k\u00f6rperlichen und seelischen Zustand zu ermitteln. Weiterhin legen wir einen Verlaufsplan sowie die geeignetste Methode fest. Die komplette Therapie oder Beratung ist nat\u00fcrlich individuell und kann deshalb zwischen einer und mehreren Sitzungen variieren.<\/p>\n<p><strong>Kosten\u00fcbernahme<\/strong><\/p>\n<p>Heilpraktiker f\u00fcr Psychotherapiekosten werden nicht von den gesetzlichen Krankenkassen \u00fcbernommen. Bekommen Sie Heilpraktiker f\u00fcr Psychotherapiekosten von Ihrer privaten Zusatzversicherung oder von der Beihilfe erstattet, erkundigen Sie sich bitte vorab \u00fcber die Modalit\u00e4ten, gegebenenfalls werden auch hier nicht die vollen Kosten \u00fcbernommen.<\/p>\n<p>&nbsp;<\/p>\n<p>Rheingau Taunus Mainz Bingen R\u00fcdesheim Ingelheim Oestrich Winkel Wiesbaden Ausbildung<\/p>\n<\/div>\n<\/div>\n","protected":false},"excerpt":{"rendered":"<p>Google+ AGB Allgemeine Gesch\u00e4ftsbedingungen f\u00fcr Heilpraktiker beschr\u00e4nkt auf das Gebiet der Psychotherapie \u00a7 1 Anwendung der Allgemeinen Gesch\u00e4ftsbedingungen 1. Die Allgemeinen Gesch\u00e4ftsbedingungen regeln die Gesch\u00e4ftsbedingungen zwischen Heilpraktiker f\u00fcr Psychotherapie und Klienten als Behandlungsvertrag im Sinne der \u00a7\u00a7 611 ff BGB soweit zwischen den Vertragsparteien nichts Abweichendes schriftlich vereinbart wurde. 2. Der Behandlungsvertrag kommt zustande, wenn [&hellip;]<\/p>\n","protected":false},"author":2,"featured_media":0,"parent":0,"menu_order":0,"comment_status":"open","ping_status":"open","template":"","meta":{"_bbp_topic_count":0,"_bbp_reply_count":0,"_bbp_total_topic_count":0,"_bbp_total_reply_count":0,"_bbp_voice_count":0,"_bbp_anonymous_reply_count":0,"_bbp_topic_count_hidden":0,"_bbp_reply_count_hidden":0,"_bbp_forum_subforum_count":0},"_links":{"self":[{"href":"http:\/\/psychotherapie-rheingau.com\/index.php?rest_route=\/wp\/v2\/pages\/66"}],"collection":[{"href":"http:\/\/psychotherapie-rheingau.com\/index.php?rest_route=\/wp\/v2\/pages"}],"about":[{"href":"http:\/\/psychotherapie-rheingau.com\/index.php?rest_route=\/wp\/v2\/types\/page"}],"author":[{"embeddable":true,"href":"http:\/\/psychotherapie-rheingau.com\/index.php?rest_route=\/wp\/v2\/users\/2"}],"replies":[{"embeddable":true,"href":"http:\/\/psychotherapie-rheingau.com\/index.php?rest_route=%2Fwp%2Fv2%2Fcomments&post=66"}],"version-history":[{"count":10,"href":"http:\/\/psychotherapie-rheingau.com\/index.php?rest_route=\/wp\/v2\/pages\/66\/revisions"}],"predecessor-version":[{"id":1172,"href":"http:\/\/psychotherapie-rheingau.com\/index.php?rest_route=\/wp\/v2\/pages\/66\/revisions\/1172"}],"wp:attachment":[{"href":"http:\/\/psychotherapie-rheingau.com\/index.php?rest_route=%2Fwp%2Fv2%2Fmedia&parent=66"}],"curies":[{"name":"wp","href":"https:\/\/api.w.org\/{rel}","templated":true}]}}