{"id":81,"date":"2014-01-23T13:33:31","date_gmt":"2014-01-23T11:33:31","guid":{"rendered":"http:\/\/psychotherapie-rheingau.com\/?page_id=81"},"modified":"2018-02-21T09:50:52","modified_gmt":"2018-02-21T07:50:52","slug":"anke-lassahn","status":"publish","type":"page","link":"http:\/\/psychotherapie-rheingau.com\/","title":{"rendered":"INFORMATION \u00fcber mich"},"content":{"rendered":"<p><a href=\"http:\/\/psychotherapie-rheingau.com\/wp-content\/uploads\/2014\/01\/Image0012.jpg\"><img decoding=\"async\" loading=\"lazy\" class=\"size-medium wp-image-857 aligncenter\" src=\"http:\/\/psychotherapie-rheingau.com\/wp-content\/uploads\/2014\/01\/Image0012-220x300.jpg\" alt=\"Image0012\" width=\"220\" height=\"300\" srcset=\"http:\/\/psychotherapie-rheingau.com\/wp-content\/uploads\/2014\/01\/Image0012-220x300.jpg 220w, http:\/\/psychotherapie-rheingau.com\/wp-content\/uploads\/2014\/01\/Image0012-624x847.jpg 624w, http:\/\/psychotherapie-rheingau.com\/wp-content\/uploads\/2014\/01\/Image0012.jpg 711w\" sizes=\"(max-width: 220px) 100vw, 220px\" \/><\/a><\/p>\n<h1 style=\"text-align: center;\"><em><strong><span style=\"color: #993300;\">Anke Lassahn<\/span><\/strong><\/em><\/h1>\n<p style=\"text-align: center;\">Jahrgang 1963, ev.,\u00a0 geboren in D\u00fcsseldorf.<br \/>\nMutter von 3 Kindern, zwei S\u00f6hne und eine Tochter.<\/p>\n<p style=\"text-align: center;\"><span style=\"text-decoration: underline;\"><strong><span style=\"color: #993300; text-decoration: underline;\">Med. Ausbildung:<\/span><\/strong><\/span><\/p>\n<p style=\"text-align: center;\">In D\u00fcsseldorf absolvierte ich meine Ausbildung als examinierte Medizinisch-Technische Assistentin und war 10 Jahre lang im Herzkatheterlabor \/ Forschung der Heinrich-Heine Universit\u00e4t in D\u00fcsseldorf besch\u00e4ftigt.<\/p>\n<p style=\"text-align: center;\"><span style=\"text-decoration: underline;\"><strong><span style=\"color: #993300; text-decoration: underline;\">Psychologischer Werdegang:<\/span><\/strong><\/span><\/p>\n<p style=\"text-align: center;\">Seit 2006\u00a0 in der Systemtherapie und bei Familienaufstellungen.<br \/>\nSeit 2013 Staatliche Heilerlaubnis zur Heilpraktikerin Psychotherapie<br \/>\nmit Ausbildungserlaubnis zum Heilpraktiker Psychotherapie.<\/p>\n<p style=\"text-align: center;\"><strong>Psychologische Berater-\/in<\/strong><br \/>\n<strong> Personal Coach \/ Systemtherapeutin<\/strong><br \/>\n<strong> Systemtherapie-Familienstellen<\/strong><br \/>\n<strong> Gespr\u00e4chstherapeutin \/ Verhaltenstherapie<br \/>\n<\/strong><\/p>\n<p style=\"text-align: center;\"><strong>Dozentin f\u00fcr Heilpraktiker Psychotherapie<\/strong><\/p>\n<p style=\"text-align: center;\">2014 Ausbildung zur Systemtherapeutin<br \/>\nSystemarbeit und Familienstellen<\/p>\n<p style=\"text-align: center;\">Seit 2015 begleitend in der Altenpflege und Trauerbegleitung<\/p>\n<p style=\"text-align: center;\">VfP Verband freier Psychotherapeuten und Psychologischer Berater e. V.<\/p>\n<h1 style=\"text-align: center;\"><em>Porta Patet, cor magis<\/em><\/h1>\n<p style=\"text-align: center;\"><em><strong>Die T\u00fcre steht offen &#8230; mehr noch das Herz&#8230;<\/strong><\/em><\/p>\n<p>&nbsp;<\/p>\n<h2 style=\"text-align: center;\"><span style=\"color: #339966;\"><em>Psychotherapie-Rheingau.com<\/em><\/span><br \/>\n<span style=\"color: #339966;\"><em>Langenhoffstr. 11<\/em><\/span><br \/>\n<span style=\"color: #339966;\"><em> Praxis f\u00fcr Psychotherapie (HeilPG)<\/em><\/span><br \/>\n<span style=\"color: #339966;\"><em> 65375 Oestrich-Winkel<\/em><\/span><\/h2>\n<h2 style=\"text-align: center;\"><span style=\"color: #339966;\"><em>Telefonnummer: 06723-8049208<\/em><\/span><br \/>\n<span style=\"color: #339966;\"><em> E-Mail-Adresse: ankelassahn@gmx.de<\/em><\/span><\/h2>\n<h4><\/h4>\n<h2 style=\"text-align: center;\"><em>&#8220;Nicht die Dinge sind es, die den Menschen beschweren,<br \/>\nsondern seine Meinungen und Urteile \u00fcber die Dinge!&#8221;<\/em><\/h2>\n<p>&nbsp;<\/p>\n<h4 style=\"text-align: center;\">Viele Menschen k\u00f6nnten pers\u00f6nliche Befreiung durch Psychotherapie gewinnen,<br \/>\nh\u00e4tten sie nicht das allgemein verbreitete Vorurteil und die Abneigung dagegen.<br \/>\nDie Silben &#8220;Psycho&#8221; lenken die Gedanke aber ja nun wirklich leicht in Richtung &#8220;Psychiatrie&#8221; und das Wort &#8220;Therapie&#8221; klingt eben auch nach &#8220;Krankheit&#8221;.<\/h4>\n<h4 style=\"text-align: center;\">W\u00fcssten die Menschen mehr \u00fcber dieses Fachgebiet, w\u00fcrden sie die Psychotherapie f\u00fcr sich selbst nicht als pers\u00f6nliche Bankrotterkl\u00e4rung ansehen, sondern als kluge Inanspruchnahme der Hilfe von Fachleuten. Genau so, wie sie f\u00fcr Ihre Steuererkl\u00e4rung einen Steuerberater in Anspruch nehmen, ohne sich f\u00fcr Ihr Unwissen in Sachen Steuerrecht zu sch\u00e4men.<\/h4>\n<h4 style=\"text-align: center;\">Die eigenen Wege werden aus eigener Kraft, auf den eigenen Beinen gegangen, eine Leistung, die durch die Inanspruchnahme eines versierten &#8220;Wegkundigen&#8221; nicht geschm\u00e4lert wird.<\/h4>\n<p>(P.Bernhard)<\/p>\n<p>&nbsp;<\/p>\n<p>&nbsp;<\/p>\n<h4 style=\"text-align: center;\"><em><span style=\"color: #003300;\">&#8220;Seelische Krankheit mit seelischen Mitteln behandeln&#8221;<\/span><\/em><\/h4>\n<h4 style=\"text-align: center;\"><em>Meine Grundhaltung als Therapeutin ist die tiefe Achtung und Wertsch\u00e4tzung gegen\u00fcber jeder einzelnen Person. Meine Aufgabe sehe ich darin, Sie aus Ihrer bisherigen Haltung heraus zu motivieren, bewusst in sich zu gehen, an sich zu arbeiten, Ihre St\u00e4rken zu aktivieren und klare Entscheidungen treffen zu k\u00f6nnen&#8230;<br \/>\n<\/em><\/h4>\n<h4 style=\"text-align: center;\"><em><span style=\"color: #003300;\">Was sich im Inneren ver\u00e4ndert, ver\u00e4ndert sich auch im Au\u00dfen&#8230;<\/span><\/em><\/h4>\n","protected":false},"excerpt":{"rendered":"<p>Anke Lassahn Jahrgang 1963, ev.,\u00a0 geboren in D\u00fcsseldorf. Mutter von 3 Kindern, zwei S\u00f6hne und eine Tochter. Med. Ausbildung: In D\u00fcsseldorf absolvierte ich meine Ausbildung als examinierte Medizinisch-Technische Assistentin und war 10 Jahre lang im Herzkatheterlabor \/ Forschung der Heinrich-Heine Universit\u00e4t in D\u00fcsseldorf besch\u00e4ftigt. Psychologischer Werdegang: Seit 2006\u00a0 in der Systemtherapie und bei Familienaufstellungen. Seit [&hellip;]<\/p>\n","protected":false},"author":2,"featured_media":0,"parent":0,"menu_order":0,"comment_status":"open","ping_status":"open","template":"","meta":{"_bbp_topic_count":0,"_bbp_reply_count":0,"_bbp_total_topic_count":0,"_bbp_total_reply_count":0,"_bbp_voice_count":0,"_bbp_anonymous_reply_count":0,"_bbp_topic_count_hidden":0,"_bbp_reply_count_hidden":0,"_bbp_forum_subforum_count":0},"_links":{"self":[{"href":"http:\/\/psychotherapie-rheingau.com\/index.php?rest_route=\/wp\/v2\/pages\/81"}],"collection":[{"href":"http:\/\/psychotherapie-rheingau.com\/index.php?rest_route=\/wp\/v2\/pages"}],"about":[{"href":"http:\/\/psychotherapie-rheingau.com\/index.php?rest_route=\/wp\/v2\/types\/page"}],"author":[{"embeddable":true,"href":"http:\/\/psychotherapie-rheingau.com\/index.php?rest_route=\/wp\/v2\/users\/2"}],"replies":[{"embeddable":true,"href":"http:\/\/psychotherapie-rheingau.com\/index.php?rest_route=%2Fwp%2Fv2%2Fcomments&post=81"}],"version-history":[{"count":46,"href":"http:\/\/psychotherapie-rheingau.com\/index.php?rest_route=\/wp\/v2\/pages\/81\/revisions"}],"predecessor-version":[{"id":1553,"href":"http:\/\/psychotherapie-rheingau.com\/index.php?rest_route=\/wp\/v2\/pages\/81\/revisions\/1553"}],"wp:attachment":[{"href":"http:\/\/psychotherapie-rheingau.com\/index.php?rest_route=%2Fwp%2Fv2%2Fmedia&parent=81"}],"curies":[{"name":"wp","href":"https:\/\/api.w.org\/{rel}","templated":true}]}}